{"id":3639,"date":"2023-03-06T14:33:51","date_gmt":"2023-03-06T12:33:51","guid":{"rendered":"https:\/\/exploremesdev.wpengine.com\/nachhaltigkeit\/"},"modified":"2026-03-18T00:21:52","modified_gmt":"2026-03-17T22:21:52","slug":"nachhaltigkeit","status":"publish","type":"page","link":"https:\/\/exploremessinia.com\/de\/nachhaltigkeit\/","title":{"rendered":"NACHHALTIGKEIT"},"content":{"rendered":"<p><div class=\"fusion-bg-parallax\" data-bg-align=\"left top\" data-direction=\"up\" data-mute=\"false\" data-opacity=\"100\" data-velocity=\"-0.3\" data-mobile-enabled=\"false\" data-break_parents=\"0\" data-bg-image=\"https:\/\/expmesprod.wpengine.com\/wp-content\/uploads\/2022\/12\/reforestation-kalamata-taygetos-hike-outdoor-activity-enviromenta-awareness.jpg\" data-bg-repeat=\"false\" data-bg-color=\"rgba(19,64,105,0.52)\" data-blend-mode=\"multiply\" ><\/div><div class=\"fusion-fullwidth fullwidth-box fusion-builder-row-1 fusion-flex-container has-pattern-background has-mask-background fusion-parallax-up hundred-percent-fullwidth non-hundred-percent-height-scrolling lazyload\" style=\"--link_hover_color: #fa9769;--awb-background-position:left top;--awb-background-blend-mode:multiply;--awb-border-sizes-top:40px;--awb-border-sizes-bottom:40px;--awb-border-sizes-left:40px;--awb-border-sizes-right:40px;--awb-border-color:#ffffff;--awb-border-radius-top-left:80px;--awb-border-radius-top-right:80px;--awb-border-radius-bottom-right:80px;--awb-border-radius-bottom-left:80px;--awb-overflow:hidden;--awb-padding-top:40px;--awb-padding-right:40px;--awb-padding-bottom:40px;--awb-padding-left:40px;--awb-margin-top:0px;--awb-margin-bottom:50px;--awb-margin-bottom-medium:40px;--awb-margin-bottom-small:30px;--awb-background-color:rgba(19,64,105,0.52);--awb-background-size:cover;--awb-flex-wrap:wrap;\" data-bg=\"https:\/\/expmesprod.wpengine.com\/wp-content\/uploads\/2022\/12\/reforestation-kalamata-taygetos-hike-outdoor-activity-enviromenta-awareness.jpg\" ><div class=\"fusion-builder-row fusion-row fusion-flex-align-items-flex-start fusion-flex-justify-content-center fusion-flex-content-wrap\" style=\"width:104% !important;max-width:104% !important;margin-left: calc(-4% \/ 2 );margin-right: calc(-4% \/ 2 );\"><div class=\"fusion-layout-column fusion_builder_column fusion-builder-column-0 fusion-flex-column fusion-animated\" style=\"--awb-padding-bottom-medium:0px;--awb-bg-size:cover;--awb-width-large:40%;--awb-margin-top-large:0px;--awb-spacing-right-large:4.8%;--awb-margin-bottom-large:0px;--awb-spacing-left-large:4.8%;--awb-width-medium:100%;--awb-order-medium:0;--awb-spacing-right-medium:1.92%;--awb-margin-bottom-medium:60px;--awb-spacing-left-medium:1.92%;--awb-width-small:100%;--awb-order-small:0;--awb-spacing-right-small:1.92%;--awb-spacing-left-small:1.92%;\" data-animationType=\"fadeInUp\" data-animationDuration=\"1.3\" data-animationOffset=\"top-into-view\"><div class=\"fusion-column-wrapper fusion-column-has-shadow fusion-flex-justify-content-flex-start fusion-content-layout-row\"><div class=\"fusion-title title fusion-title-1 fusion-sep-none fusion-title-text fusion-title-size-one fusion-animated\" style=\"--awb-text-color:#ffffff;--awb-margin-top:0px;--awb-margin-bottom:40px;--awb-margin-top-small:30px;--awb-margin-right-small:0px;--awb-margin-bottom-small:30px;--awb-margin-left-small:0px;--awb-sep-color:#d1d1d1;--awb-font-size:60px;\" data-animationType=\"slideInLeft\" data-animationDuration=\"0.4\" data-animationDelay=\"0.2\" data-animationOffset=\"top-into-view\"><h1 class=\"fusion-title-heading title-heading-left md-text-align-center sm-text-align-center fusion-responsive-typography-calculated\" style=\"margin:0;letter-spacing:3px;font-size:1em;--fontSize:60;line-height:1.2;\">Nachhaltigkeit<\/h1><\/div><div class=\"fusion-title title fusion-title-2 fusion-sep-none fusion-title-center fusion-title-text fusion-title-size-two fusion-animated\" style=\"--awb-text-color:#ffffff;--awb-margin-top:0px;--awb-margin-bottom:40px;--awb-margin-top-small:30px;--awb-margin-right-small:0px;--awb-margin-bottom-small:30px;--awb-margin-left-small:0px;--awb-sep-color:#d1d1d1;\" data-animationType=\"slideInRight\" data-animationDuration=\"0.5\" data-animationDelay=\"0.4\" data-animationOffset=\"top-into-view\"><h2 class=\"fusion-title-heading title-heading-center sm-text-align-left fusion-responsive-typography-calculated\" style=\"margin:0;text-transform:var(--awb-typography1-text-transform);--fontSize:24;line-height:1.3;\"><p style=\"text-align: left;\">\u201eNachhaltigkeit ist nicht nur ein Schlagwort, sondern eine entscheidende Einstellung, um eine bl\u00fchende Zukunft auf unserem Planeten zu sichern, und sie ist das Fundament f\u00fcr nachhaltigen Tourismus in Griechenland.\u201c<\/p><\/h2><\/div><div class=\"fusion-text fusion-text-1\" style=\"--awb-font-size:22px;--awb-line-height:1.7;--awb-letter-spacing:0px;--awb-text-color:var(--awb-color1);\"><p>Reisen hat eine starke Wirkung, sowohl im Guten als auch im Schlechten. Hier bei \u201eExplore Messinia\u201c wissen wir, wie wichtig es ist, sich unserer Auswirkungen auf diesen Planeten bewusst zu sein \u2013 so wie man sich um sein eigenes Zuhause k\u00fcmmert!<\/p>\n<\/div><\/div><\/div><\/div><\/div><div class=\"fusion-fullwidth fullwidth-box fusion-builder-row-2 fusion-flex-container has-pattern-background has-mask-background nonhundred-percent-fullwidth non-hundred-percent-height-scrolling\" style=\"--awb-border-radius-top-left:0px;--awb-border-radius-top-right:0px;--awb-border-radius-bottom-right:0px;--awb-border-radius-bottom-left:0px;--awb-flex-wrap:wrap;\" ><div class=\"fusion-builder-row fusion-row fusion-flex-align-items-flex-start fusion-flex-content-wrap\" style=\"max-width:1248px;margin-left: calc(-4% \/ 2 );margin-right: calc(-4% \/ 2 );\"><div class=\"fusion-layout-column fusion_builder_column fusion-builder-column-1 fusion_builder_column_2_3 2_3 fusion-flex-column\" style=\"--awb-bg-size:cover;--awb-width-large:66.6666666667%;--awb-margin-top-large:0px;--awb-spacing-right-large:2.88%;--awb-margin-bottom-large:20px;--awb-spacing-left-large:2.88%;--awb-width-medium:66.6666666667%;--awb-order-medium:0;--awb-spacing-right-medium:2.88%;--awb-spacing-left-medium:2.88%;--awb-width-small:100%;--awb-order-small:0;--awb-spacing-right-small:1.92%;--awb-spacing-left-small:1.92%;\"><div class=\"fusion-column-wrapper fusion-column-has-shadow fusion-flex-justify-content-flex-start fusion-content-layout-column\"><div class=\"fusion-text fusion-text-2\"><h2 style=\"text-align: left;\">Unsere Richtlinien f\u00fcr nachhaltigen Tourismus in Griechenland<\/h2>\n<\/div><div class=\"fusion-text fusion-text-3\" style=\"--awb-text-color:var(--awb-custom15);\"><p>Im Kern setzen wir uns daf\u00fcr ein, lebensver\u00e4ndernde Erfahrungen auf eine Weise zu bieten, die sowohl die Natur als auch die Kultur unterst\u00fctzt und pflegt. Wir verfolgen Nachhaltigkeit vom ersten Schritt an. Dies beginnt mit der Ressourcenschonung und der \u00dcberpr\u00fcfung von Lieferanten auf ihre gr\u00fcnen Initiativen. Wir kl\u00e4ren unsere Kunden auch dar\u00fcber auf, wie sie umweltbewusst handeln k\u00f6nnen, ohne dabei auf ihr Vergn\u00fcgen zu verzichten.<\/p>\n<\/div><div class=\"fusion-text fusion-text-4\"><p>Als f\u00fchrender Verfechter von nachhaltigem Tourismus in Griechenland glauben wir, dass der beste Weg, die Natur zu sch\u00e4tzen, darin besteht, sie verantwortungsbewusst zu erleben. Unsere Abenteuer mit geringer Belastung, darunter <a href=\"https:\/\/exploremessinia.com\/de\/meer\/\"><b data-path-to-node=\"4,0\" data-index-in-node=\"116\">Seekajakfahren<\/b><\/a>, <a href=\"https:\/\/exploremessinia.com\/de\/wandern\/\"><b data-path-to-node=\"4,0\" data-index-in-node=\"130\">Wandern<\/b><\/a> und <a href=\"https:\/\/exploremessinia.com\/canyoning\/\"><b data-path-to-node=\"4,0\" data-index-in-node=\"142\">Canyoning<\/b><\/a>, sind speziell darauf ausgelegt, keine Spuren zu hinterlassen. Durch die Wahl von Fortbewegungsmitteln mit Muskelkraft stellen wir sicher, dass unsere G\u00e4ste die atemberaubende K\u00fcste und die Berge des Peloponnes ohne den L\u00e4rm oder die Verschmutzung durch motorisierte Fahrzeuge erkunden k\u00f6nnen.<\/p>\n<\/div><div class=\"fusion-separator fusion-full-width-sep\" style=\"align-self: center;margin-left: auto;margin-right: auto;margin-top:40px;margin-bottom:40px;width:100%;\"><div class=\"fusion-separator-border sep-shadow\" style=\"--awb-height:20px;--awb-amount:20px;background:radial-gradient(ellipse at 50% -50% , #e2e2e2 0px, rgba(255, 255, 255, 0) 80%) repeat scroll 0 0 rgba(0, 0, 0, 0);background:-webkit-radial-gradient(ellipse at 50% -50% , #e2e2e2 0px, rgba(255, 255, 255, 0) 80%) repeat scroll 0 0 rgba(0, 0, 0, 0);background:-moz-radial-gradient(ellipse at 50% -50% , #e2e2e2 0px, rgba(255, 255, 255, 0) 80%) repeat scroll 0 0 rgba(0, 0, 0, 0);background:-o-radial-gradient(ellipse at 50% -50% , #e2e2e2 0px, rgba(255, 255, 255, 0) 80%) repeat scroll 0 0 rgba(0, 0, 0, 0);\"><\/div><\/div><div class=\"fusion-text fusion-text-5\"><p>Dieses Engagement geht weit \u00fcber unsere lokalen Grenzen hinaus; wir glauben, dass verantwortungsbewusstes Reisen ein Katalysator f\u00fcr globalen Wandel ist. Wir f\u00f6rdern stolz nachhaltige Praktiken, um die Gleichberechtigung aller Menschen weltweit zu unterst\u00fctzen und gleichzeitig die nat\u00fcrlichen Ressourcen zu sch\u00fctzen, damit k\u00fcnftige Generationen in einer sauberen Umwelt voller M\u00f6glichkeiten leben k\u00f6nnen. <\/p>\n<p>Hier kannst du unsere <a href=\"https:\/\/exploremessinia.com\/wp-content\/uploads\/2023\/06\/Explore-Messinia-Explore-Greece-Sustainability-policy.pdf\">NACHHALTIGKEITSRICHTLINIEN<\/a> und unseren <a href=\"https:\/\/exploremessinia.com\/wp-content\/uploads\/2023\/07\/Explore-Greece-Code-of-Conduct_V1.pdf\">VERHALTENSKODEX<\/a> herunterladen.<\/p>\n<\/div><div class=\"fusion-text fusion-text-6\" style=\"--awb-text-color:var(--awb-custom15);\"><p>Wir sind vor Kurzem dem <span class=\"textGreen\"><a title=\"Travelife-Website\" href=\"https:\/\/www.travelife.info\/index_new.php?menu=certification&amp;lang=en_ft\">Travelife-Programm<\/a><\/span> beigetreten, und zwar \u00fcber das <a href=\"https:\/\/www.travelife.info\/sustour\/?menu=home\">SUSTOUR-Projekt<\/a>, um einen <strong>systematischen Prozess<\/strong> zu implementieren, der von einem externen, akkreditierten Unternehmen genehmigt werden soll. Das B\u00fcro von \u201eExplore Messinia\u201c hat ein <strong>Nachhaltigkeitsteam aus 3 Personen<\/strong> gebildet und einen <strong>Nachhaltigkeitskoordinator<\/strong> ernannt, die jede Woche Zeit investieren, um die Nachhaltigkeitsleistung des Unternehmens zu verbessern. <\/p>\n<p>F\u00fcr Fragen und Feedback zum Thema Nachhaltigkeit kannst du unseren <strong>Nachhaltigkeitskoordinator <a href=\"https:\/\/exploremessinia.com\/de\/unser-team\/\">Herrn Fotis Kontargiris<\/a><\/strong> direkt unter <a href=\"mailto:fotis@exploremessinia.com\">fotis@exploremessinia.com<\/a> erreichen.<\/p>\n<p>Wir arbeiten derzeit am Label \u201e<em>Travelife Partner\u201c<\/em> (Engagement f\u00fcr Nachhaltigkeit). Das n\u00e4chste Ziel ist die Erlangung des Labels \u201e<em>Travelife Certified\u201c<\/em> (Exzellenz in Nachhaltigkeit). Unser Ziel ist es, unsere Nachhaltigkeitsleistung st\u00e4ndig zu verbessern. Es wird ein <strong>fortw\u00e4hrender Prozess<\/strong> sein, den wir durch <strong>Zielsetzungen<\/strong> sowie die <strong>j\u00e4hrliche Umsetzung und \u00dcberarbeitung von Strategien und Ma\u00dfnahmen<\/strong> vorantreiben.   <\/p>\n<h3>Nachhaltigkeitsmanagement und Einhaltung gesetzlicher Vorschriften<\/h3>\n<ul>\n<li>Einsatz eines geschulten Nachhaltigkeitskoordinators und eines Nachhaltigkeitsteams.<\/li>\n<li>Vernetzung und Austausch von Erfahrungen, Schulungsmaterialien und Best Practices zum Thema Nachhaltigkeit mit unseren Partnern.<\/li>\n<li>Unterst\u00fctzung lokaler\/nationaler Nachhaltigkeitsinitiativen (Naturschutz- \/ Gemeindeentwicklungsprojekte).<\/li>\n<li>Erstellung und Implementierung einer Bewertungsmethode f\u00fcr die Nachhaltigkeitsleistung unserer Lieferanten.<\/li>\n<li>Festlegung eines Nachhaltigkeitsleitbildes, einer Richtlinie und eines Aktionsplans, die uns leiten und langfristige, mittelfristige sowie kurzfristige Ziele und deren Erreichung definieren.<\/li>\n<li>Einf\u00fchrung eines Bewertungssystems zur \u00dcberwachung der Zielerreichung.<\/li>\n<\/ul>\n<h3>Sozialpolitik und Menschenrechte<\/h3>\n<ul>\n<li>Erstellung spezifischer Rollenbeschreibungen und allgemeiner Unternehmensziele sowie Bereitstellung fairer Arbeitsbedingungen, Schulungen und Entwicklungsm\u00f6glichkeiten, die der Rolle jedes Teammitglieds entsprechen.<\/li>\n<li>Regelm\u00e4\u00dfige Messung der Mitarbeiterzufriedenheit.<\/li>\n<\/ul>\n<h3>Beschaffungswesen<\/h3>\n<ul>\n<li>Reduzierung von Einweg- und Verbrauchsg\u00fctern, Abfallvermeidung und sorgf\u00e4ltige M\u00fclltrennung.<\/li>\n<li>Reduzierung des Papierverbrauchs auf das gesetzlich vorgeschriebene oder unbedingt notwendige Ma\u00df.<\/li>\n<li>Verwendung von Recyclingpapier f\u00fcr alle gedruckten Materialien im B\u00fcro.<\/li>\n<li>Einsatz von umweltfreundlichen Reinigungsmitteln.<\/li>\n<li>Schrittweiser Wechsel zu einem nachhaltigen Energieversorger.<\/li>\n<li>\u00dcberwachung des Energieverbrauchs und Umsetzung von Ma\u00dfnahmen zu dessen Reduzierung (z. B. Bevorzugung von energiesparenden Ger\u00e4ten, Nutzung von Systemen zum Ausschalten von Computern usw.).<\/li>\n<li>Vollst\u00e4ndige Minimierung und Outsourcing unseres Druckbedarfs.<\/li>\n<li>Schulung aller Mitarbeiter zum Thema Nachhaltigkeit und Herausgabe von Nachhaltigkeitsrichtlinien unter Ber\u00fccksichtigung der 3 Ziele: Reduzieren, Wiederverwenden und Recyceln.<\/li>\n<li>Einf\u00fchrung einer Reiserichtlinie f\u00fcr Mitarbeiter und Anreize zur F\u00f6rderung umweltfreundlicher Verkehrsmittel \/ Reduzierung von Transportwegen.<\/li>\n<li>Berechnung und schrittweiser Ausgleich der CO2-Emissionen unseres Unternehmens.<\/li>\n<li>Schrittweiser Ersatz von gedrucktem Papier durch digitale Plattformen, auf denen Reiseinformationen f\u00fcr unsere Kunden verf\u00fcgbar sind (App, digitale Tracks, PDF-Dokumente usw.).<\/li>\n<\/ul>\n<h3>Kommunikation \u2013 Transport, Unterkunft, Aktivit\u00e4ten und Reiseleiter<\/h3>\n<ul>\n<li>Minimierung des Luftverkehrs bei der Gestaltung unserer Reiserouten und Logistikplanung, F\u00f6rderung von Bodenl\u00f6sungen.<\/li>\n<li>Ver\u00f6ffentlichung einer Nachhaltigkeitsrichtlinie f\u00fcr jede Lieferantenkategorie, die Zertifizierungen und\/oder die Verbesserung der Nachhaltigkeitsleistung des Lieferanten f\u00f6rdert, indem zertifizierte\/nachhaltige Lieferanten bevorzugt werden, wann immer dies in Bezug auf Preis, Qualit\u00e4t und Logistik m\u00f6glich ist.<\/li>\n<li>Einbettung von Nachhaltigkeitsklauseln in die Vertragsbedingungen unserer Partner, die den Schutz lokaler nat\u00fcrlicher und menschlicher Ressourcen, faire Arbeitsbedingungen, Kinderschutz, die Ablehnung von Zwangsarbeit, sexueller Ausbeutung und Diskriminierung jeglicher Art beinhalten.<\/li>\n<li>Erstellung von Schulungsinhalten\/Richtlinien und Vorschlagen von L\u00f6sungen zur Verbesserung der Nachhaltigkeitsleistung unserer Lieferanten, einschlie\u00dflich der Reiseleiter.<\/li>\n<li>Einstellung qualifizierter professioneller Reiseleiter unter Gew\u00e4hrung fairer Arbeitsbedingungen.<\/li>\n<li>Regelm\u00e4\u00dfige Kommunikation mit unseren B2B- und B2C-Kunden \u00fcber unsere Nachhaltigkeitspolitik, Ziele und Ergebnisse sowie F\u00f6rderung von Nachhaltigkeitspraktiken zu Hause und im Urlaub.<\/li>\n<li>Ermutigung unserer Kunden zu Umweltschutzma\u00dfnahmen und Respekt gegen\u00fcber der lokalen Bev\u00f6lkerung w\u00e4hrend ihrer Reisen durch Roadbooks, Zielgebietshandb\u00fccher und Social-Media-Inhalte (sofern verf\u00fcgbar).<\/li>\n<\/ul>\n<\/div><\/div><\/div><div class=\"fusion-layout-column fusion_builder_column fusion-builder-column-2 fusion_builder_column_1_3 1_3 fusion-flex-column\" style=\"--awb-bg-size:cover;--awb-width-large:33.3333333333%;--awb-margin-top-large:0px;--awb-spacing-right-large:5.76%;--awb-margin-bottom-large:20px;--awb-spacing-left-large:5.76%;--awb-width-medium:33.3333333333%;--awb-order-medium:0;--awb-spacing-right-medium:5.76%;--awb-spacing-left-medium:5.76%;--awb-width-small:100%;--awb-order-small:0;--awb-spacing-right-small:1.92%;--awb-spacing-left-small:1.92%;\"><div class=\"fusion-column-wrapper fusion-column-has-shadow fusion-flex-justify-content-flex-start fusion-content-layout-column\"><div class=\"fusion-image-element \" style=\"--awb-caption-title-font-family:var(--h2_typography-font-family);--awb-caption-title-font-weight:var(--h2_typography-font-weight);--awb-caption-title-font-style:var(--h2_typography-font-style);--awb-caption-title-size:var(--h2_typography-font-size);--awb-caption-title-transform:var(--h2_typography-text-transform);--awb-caption-title-line-height:var(--h2_typography-line-height);--awb-caption-title-letter-spacing:var(--h2_typography-letter-spacing);\"><span class=\" fusion-imageframe imageframe-none imageframe-1 hover-type-none\"><img decoding=\"async\" width=\"600\" height=\"400\" alt=\"Logo des SUSTOUR-Projekts zur Unterst\u00fctzung von Initiativen f\u00fcr nachhaltigen Tourismus in Griechenland\" title=\"sustour-project-support-logo\" src=\"https:\/\/exploremessinia.com\/wp-content\/uploads\/2023\/03\/SUSTOUR-LOGO-e1678464040701.jpg\" data-orig-src=\"https:\/\/exploremessinia.com\/wp-content\/uploads\/2023\/03\/SUSTOUR-LOGO-e1678464040701.jpg\" class=\"lazyload img-responsive wp-image-3640\" srcset=\"data:image\/svg+xml,%3Csvg%20xmlns%3D%27http%3A%2F%2Fwww.w3.org%2F2000%2Fsvg%27%20width%3D%27600%27%20height%3D%27400%27%20viewBox%3D%270%200%20600%20400%27%3E%3Crect%20width%3D%27600%27%20height%3D%27400%27%20fill-opacity%3D%220%22%2F%3E%3C%2Fsvg%3E\" data-srcset=\"https:\/\/exploremessinia.com\/wp-content\/uploads\/2023\/03\/SUSTOUR-LOGO-e1678464040701-200x133.jpg 200w, https:\/\/exploremessinia.com\/wp-content\/uploads\/2023\/03\/SUSTOUR-LOGO-e1678464040701-400x267.jpg 400w, https:\/\/exploremessinia.com\/wp-content\/uploads\/2023\/03\/SUSTOUR-LOGO-e1678464040701.jpg 600w\" data-sizes=\"auto\" data-orig-sizes=\"(max-width: 640px) 100vw, 400px\" \/><\/span><\/div><div class=\"fusion-image-element \" style=\"--awb-caption-title-font-family:var(--h2_typography-font-family);--awb-caption-title-font-weight:var(--h2_typography-font-weight);--awb-caption-title-font-style:var(--h2_typography-font-style);--awb-caption-title-size:var(--h2_typography-font-size);--awb-caption-title-transform:var(--h2_typography-text-transform);--awb-caption-title-line-height:var(--h2_typography-line-height);--awb-caption-title-letter-spacing:var(--h2_typography-letter-spacing);\"><span class=\" fusion-imageframe imageframe-none imageframe-2 hover-type-none\"><img decoding=\"async\" width=\"600\" height=\"233\" alt=\"Offizielles Travelife Partner-Logo f\u00fcr nachhaltigen Tourismus in Griechenland\" title=\"travelife-partner-sustainability-logo\" src=\"https:\/\/exploremessinia.com\/wp-content\/uploads\/2025\/06\/Travelife-partner.jpg\" data-orig-src=\"https:\/\/exploremessinia.com\/wp-content\/uploads\/2025\/06\/Travelife-partner.jpg\" class=\"lazyload img-responsive wp-image-3644\" srcset=\"data:image\/svg+xml,%3Csvg%20xmlns%3D%27http%3A%2F%2Fwww.w3.org%2F2000%2Fsvg%27%20width%3D%27600%27%20height%3D%27233%27%20viewBox%3D%270%200%20600%20233%27%3E%3Crect%20width%3D%27600%27%20height%3D%27233%27%20fill-opacity%3D%220%22%2F%3E%3C%2Fsvg%3E\" data-srcset=\"https:\/\/exploremessinia.com\/wp-content\/uploads\/2025\/06\/Travelife-partner-200x78.jpg 200w, https:\/\/exploremessinia.com\/wp-content\/uploads\/2025\/06\/Travelife-partner-400x155.jpg 400w, https:\/\/exploremessinia.com\/wp-content\/uploads\/2025\/06\/Travelife-partner.jpg 600w\" data-sizes=\"auto\" data-orig-sizes=\"(max-width: 640px) 100vw, 400px\" \/><\/span><\/div><\/div><\/div><\/div><\/div><\/p>\n","protected":false},"excerpt":{"rendered":"","protected":false},"author":8,"featured_media":3643,"parent":0,"menu_order":49,"comment_status":"closed","ping_status":"closed","template":"100-width.php","meta":{"_acf_changed":false,"inline_featured_image":false,"footnotes":""},"class_list":["post-3639","page","type-page","status-publish","has-post-thumbnail","hentry"],"acf":[],"featured_image_src":"https:\/\/exploremessinia.com\/wp-content\/uploads\/2022\/12\/reforestation-kalamata-taygetos-hike-outdoor-activity-enviromenta-awareness-600x400.jpg","featured_image_src_square":"https:\/\/exploremessinia.com\/wp-content\/uploads\/2022\/12\/reforestation-kalamata-taygetos-hike-outdoor-activity-enviromenta-awareness-600x600.jpg","_links":{"self":[{"href":"https:\/\/exploremessinia.com\/de\/wp-json\/wp\/v2\/pages\/3639","targetHints":{"allow":["GET"]}}],"collection":[{"href":"https:\/\/exploremessinia.com\/de\/wp-json\/wp\/v2\/pages"}],"about":[{"href":"https:\/\/exploremessinia.com\/de\/wp-json\/wp\/v2\/types\/page"}],"author":[{"embeddable":true,"href":"https:\/\/exploremessinia.com\/de\/wp-json\/wp\/v2\/users\/8"}],"replies":[{"embeddable":true,"href":"https:\/\/exploremessinia.com\/de\/wp-json\/wp\/v2\/comments?post=3639"}],"version-history":[{"count":0,"href":"https:\/\/exploremessinia.com\/de\/wp-json\/wp\/v2\/pages\/3639\/revisions"}],"wp:featuredmedia":[{"embeddable":true,"href":"https:\/\/exploremessinia.com\/de\/wp-json\/wp\/v2\/media\/3643"}],"wp:attachment":[{"href":"https:\/\/exploremessinia.com\/de\/wp-json\/wp\/v2\/media?parent=3639"}],"curies":[{"name":"wp","href":"https:\/\/api.w.org\/{rel}","templated":true}]}}