{"id":3706,"date":"2023-03-06T14:32:27","date_gmt":"2023-03-06T12:32:27","guid":{"rendered":"https:\/\/exploremesdev.wpengine.com\/unsere-mission\/"},"modified":"2026-03-18T00:26:57","modified_gmt":"2026-03-17T22:26:57","slug":"unsere-mission","status":"publish","type":"page","link":"https:\/\/exploremessinia.com\/de\/unsere-mission\/","title":{"rendered":"UNSERE MISSION"},"content":{"rendered":"<p><div class=\"fusion-bg-parallax\" data-bg-align=\"center top\" data-direction=\"down\" data-mute=\"false\" data-opacity=\"100\" data-velocity=\"-0.3\" data-mobile-enabled=\"false\" data-break_parents=\"0\" data-bg-image=\"https:\/\/expmesprod.wpengine.com\/wp-content\/uploads\/2023\/03\/Our-Mission-scaled.jpg\" data-bg-repeat=\"false\" data-bg-color=\"rgba(104,104,104,0.7)\" data-blend-mode=\"multiply\" ><\/div><div class=\"fusion-fullwidth fullwidth-box fusion-builder-row-1 fusion-flex-container has-pattern-background has-mask-background fusion-parallax-down hundred-percent-fullwidth non-hundred-percent-height-scrolling lazyload\" style=\"--link_hover_color: #fa9769;--awb-background-position:center top;--awb-background-blend-mode:multiply;--awb-border-sizes-top:40px;--awb-border-sizes-bottom:40px;--awb-border-sizes-left:40px;--awb-border-sizes-right:40px;--awb-border-color:#ffffff;--awb-border-radius-top-left:80px;--awb-border-radius-top-right:80px;--awb-border-radius-bottom-right:80px;--awb-border-radius-bottom-left:80px;--awb-overflow:hidden;--awb-padding-top:40px;--awb-padding-right:40px;--awb-padding-bottom:40px;--awb-padding-left:40px;--awb-margin-top:0px;--awb-margin-bottom:50px;--awb-margin-bottom-medium:40px;--awb-margin-bottom-small:30px;--awb-background-color:rgba(104,104,104,0.7);--awb-background-size:cover;--awb-flex-wrap:wrap;\" data-bg=\"https:\/\/expmesprod.wpengine.com\/wp-content\/uploads\/2023\/03\/Our-Mission-scaled.jpg\" ><div class=\"fusion-builder-row fusion-row fusion-flex-align-items-flex-start fusion-flex-justify-content-center fusion-flex-content-wrap\" style=\"width:104% !important;max-width:104% !important;margin-left: calc(-4% \/ 2 );margin-right: calc(-4% \/ 2 );\"><div class=\"fusion-layout-column fusion_builder_column fusion-builder-column-0 fusion-flex-column fusion-animated\" style=\"--awb-padding-bottom-medium:0px;--awb-bg-size:cover;--awb-width-large:40%;--awb-margin-top-large:0px;--awb-spacing-right-large:4.8%;--awb-margin-bottom-large:0px;--awb-spacing-left-large:4.8%;--awb-width-medium:100%;--awb-order-medium:0;--awb-spacing-right-medium:1.92%;--awb-margin-bottom-medium:60px;--awb-spacing-left-medium:1.92%;--awb-width-small:100%;--awb-order-small:0;--awb-spacing-right-small:1.92%;--awb-spacing-left-small:1.92%;\" data-animationType=\"fadeInUp\" data-animationDuration=\"1.3\" data-animationOffset=\"top-into-view\"><div class=\"fusion-column-wrapper fusion-column-has-shadow fusion-flex-justify-content-flex-start fusion-content-layout-row\"><div class=\"fusion-title title fusion-title-1 fusion-sep-none fusion-title-center fusion-title-text fusion-title-size-one fusion-animated\" style=\"--awb-text-color:#ffffff;--awb-margin-top:50px;--awb-margin-bottom:40px;--awb-margin-top-small:30px;--awb-margin-right-small:0px;--awb-margin-bottom-small:30px;--awb-margin-left-small:0px;--awb-sep-color:#d1d1d1;--awb-font-size:60px;\" data-animationType=\"slideInLeft\" data-animationDuration=\"0.4\" data-animationDelay=\"0.2\" data-animationOffset=\"top-into-view\"><h1 class=\"fusion-title-heading title-heading-center fusion-responsive-typography-calculated\" style=\"font-family:&quot;Geologica&quot;;font-style:normal;font-weight:400;margin:0;letter-spacing:3px;font-size:1em;--fontSize:60;line-height:1.2;\">Unsere Mission<\/h1><\/div><div class=\"fusion-title title fusion-title-2 fusion-sep-none fusion-title-center fusion-title-text fusion-title-size-two fusion-animated\" style=\"--awb-text-color:#ffffff;--awb-margin-top:0px;--awb-margin-bottom:40px;--awb-margin-top-small:30px;--awb-margin-right-small:0px;--awb-margin-bottom-small:30px;--awb-margin-left-small:0px;--awb-sep-color:#d1d1d1;--awb-font-size:35px;\" data-animationType=\"slideInRight\" data-animationDuration=\"0.5\" data-animationDelay=\"0.4\" data-animationOffset=\"top-into-view\"><h2 class=\"fusion-title-heading title-heading-center sm-text-align-left fusion-responsive-typography-calculated\" style=\"font-family:&quot;Geologica&quot;;font-style:normal;font-weight:400;margin:0;letter-spacing:0px;text-transform:var(--awb-typography1-text-transform);font-size:1em;--fontSize:35;line-height:1.8;\"><p style=\"text-align: left;\">Erfahre mehr \u00fcber unsere Werte und woran wir glauben!<\/p><\/h2><\/div><\/div><\/div><\/div><\/div><div class=\"fusion-fullwidth fullwidth-box fusion-builder-row-2 fusion-flex-container has-pattern-background has-mask-background nonhundred-percent-fullwidth non-hundred-percent-height-scrolling\" style=\"--awb-border-radius-top-left:0px;--awb-border-radius-top-right:0px;--awb-border-radius-bottom-right:0px;--awb-border-radius-bottom-left:0px;--awb-flex-wrap:wrap;\" ><div class=\"fusion-builder-row fusion-row fusion-flex-align-items-flex-start fusion-flex-content-wrap\" style=\"max-width:1248px;margin-left: calc(-4% \/ 2 );margin-right: calc(-4% \/ 2 );\"><div class=\"fusion-layout-column fusion_builder_column fusion-builder-column-1 fusion_builder_column_1_1 1_1 fusion-flex-column\" style=\"--awb-bg-size:cover;--awb-width-large:100%;--awb-margin-top-large:0px;--awb-spacing-right-large:1.92%;--awb-margin-bottom-large:20px;--awb-spacing-left-large:1.92%;--awb-width-medium:100%;--awb-order-medium:0;--awb-spacing-right-medium:1.92%;--awb-spacing-left-medium:1.92%;--awb-width-small:100%;--awb-order-small:0;--awb-spacing-right-small:1.92%;--awb-spacing-left-small:1.92%;\"><div class=\"fusion-column-wrapper fusion-column-has-shadow fusion-flex-justify-content-flex-start fusion-content-layout-column\"><div class=\"fusion-text fusion-text-1\"><h2 data-path-to-node=\"11\">Den Herzschlag Griechenlands enth\u00fcllen<\/h2>\n<p data-path-to-node=\"11\">Bei Explore Messinia kreieren wir immersive Reiseerlebnisse, die den einzigartigen Geist und das reiche Erbe unserer Region einfangen. Unsere prim\u00e4re Mission ist es, in jedem Gast Abenteuerlust und Neugier zu wecken. Insbesondere konzentrieren wir uns darauf, nachhaltige Abenteuer auf dem Peloponnes anzubieten, die es dir erm\u00f6glichen, die authentische Sch\u00f6nheit, Kultur und Geschichte Griechenlands zu entdecken.  <\/p>\n<h3 data-path-to-node=\"12\"><b data-path-to-node=\"12\" data-index-in-node=\"0\">Unsere Grundwerte<\/b><\/h3>\n<p data-path-to-node=\"13\">Wir glauben an die Kraft des Reisens, zu ver\u00e4ndern, zu bilden und zu verbinden. In vielerlei Hinsicht setzen wir uns daf\u00fcr ein, Reisen anzubieten, die unvergessliche Erinnerungen, aber minimale Spuren hinterlassen. Bei jeder Reise arbeiten wir daran, nachhaltige Praktiken aufrechterhalten und die lokale Wirtschaft zu unterst\u00fctzen.  <\/p>\n<p data-path-to-node=\"14\">Indem wir diese Wege w\u00e4hlen, f\u00f6rdern wir ein tieferes kulturelles Verst\u00e4ndnis. Wir streben danach, dich abseits der typischen Touristenpfade zum Herz und zur Seele Griechenlands zu f\u00fchren. Letztendlich f\u00f6rdern wir einen tiefen Respekt vor der Natur und den lokalen Gemeinschaften, die dieses Land so besonders machen.  <\/p>\n<\/div><div class=\"fusion-text fusion-text-2\"><h3 data-path-to-node=\"4\"><b data-path-to-node=\"4\" data-index-in-node=\"0\">Geleitet von Natur und Gemeinschaft<\/b><\/h3>\n<p data-path-to-node=\"5\">Wir bei Explore Messinia sind der \u00dcberzeugung, dass wahre Entdeckungen nicht zu Lasten der Umwelt gehen d\u00fcrfen. Konkret haben wir uns zu einer Reihe von Praktiken verpflichtet, die unseren Ansatz f\u00fcr ein nachhaltiges Abenteuer auf dem Peloponnes definieren. In vielerlei Hinsicht stellen diese Schritte sicher, dass die Landschaften, die wir heute lieben, auch f\u00fcr kommende Generationen erhalten bleiben.  <\/p>\n<ul data-path-to-node=\"6\">\n<li>\n<p data-path-to-node=\"6,0,0\"><b data-path-to-node=\"6,0,0\" data-index-in-node=\"0\">Plastikfrei-Initiative<\/b>: Wir stellen gefiltertes Wasser zur Verf\u00fcgung und f\u00f6rdern die Nutzung von Mehrwegflaschen <a href=\"https:\/\/exploremessinia.com\/de\/alle-touren\/\">auf all unseren Touren<\/a>.<\/p>\n<\/li>\n<li><b data-path-to-node=\"5,1,0\" data-index-in-node=\"0\">Der Geschmack des Landes:<\/b> Wir bieten traditionelle, hausgemachte Picknicks mit frischen, lokalen Zutaten an. Indem wir diese Wege w\u00e4hlen, unterst\u00fctzen wir kleine Landwirte und teilen die authentischen Aromen unserer Heimat mit dir. <\/li>\n<li>\n<p data-path-to-node=\"6,1,0\"><b data-path-to-node=\"6,1,0\" data-index-in-node=\"0\">Unterst\u00fctzung der lokalen Wirtschaft<\/b>: Wir arbeiten mit lokalen, familiengef\u00fchrten G\u00e4steh\u00e4usern und Tavernen zusammen, um sicherzustellen, dass dein Besuch direkt der Gemeinschaft zugutekommt.<\/p>\n<\/li>\n<li>\n<p data-path-to-node=\"6,2,0\"><b data-path-to-node=\"6,2,0\" data-index-in-node=\"0\">Hinterlasse keine Spuren<\/b>: Jeder Guide ist in den <a class=\"ng-star-inserted\" href=\"https:\/\/lnt.org\/\" target=\"_blank\" rel=\"noopener\">Leave No Trace<\/a>-Prinzipien geschult, um sicherzustellen, dass unsere Pr\u00e4senz in den Canyons und an der K\u00fcste praktisch unsichtbar bleibt.<\/p>\n<\/li>\n<li>\n<p data-path-to-node=\"6,3,0\"><b data-path-to-node=\"6,3,0\" data-index-in-node=\"0\">Einsatz f\u00fcr die Umwelt<\/b>: Wir beteiligen uns aktiv an lokalen Naturschutzbem\u00fchungen und unterst\u00fctzen diese, wie zum Beispiel den Schutz von Meeresschildkr\u00f6ten oder <a href=\"https:\/\/exploremessinia.com\/anadasosi-ston-taygeto-reforestation-mount-taygetos\/\">Wiederaufforstungsinitiativen<\/a>.<\/p>\n<\/li>\n<li><b data-path-to-node=\"4,0,0\" data-index-in-node=\"0\">Exzellenz im SUSTOUR-Projekt<\/b>: Wir sind stolze Teilnehmer am <a class=\"ng-star-inserted\" href=\"https:\/\/www.google.com\/search?q=https:\/\/www.travelife.info\/sustour\/%3Fmenu%3Dsustour\" target=\"_blank\" rel=\"noopener\">SUSTOUR-Projekt<\/a>, einer europ\u00e4ischen Initiative, die uns bei der Umsetzung der h\u00f6chsten internationalen Nachhaltigkeitsstandards f\u00fcr Reiseveranstalter begleitet.<\/li>\n<\/ul>\n<\/div><\/div><\/div><\/div><\/div><\/p>\n","protected":false},"excerpt":{"rendered":"","protected":false},"author":8,"featured_media":3707,"parent":0,"menu_order":11,"comment_status":"closed","ping_status":"closed","template":"100-width.php","meta":{"_acf_changed":false,"inline_featured_image":false,"footnotes":""},"class_list":["post-3706","page","type-page","status-publish","has-post-thumbnail","hentry"],"acf":[],"featured_image_src":"https:\/\/exploremessinia.com\/wp-content\/uploads\/2023\/03\/Our-Mission-600x400.jpg","featured_image_src_square":"https:\/\/exploremessinia.com\/wp-content\/uploads\/2023\/03\/Our-Mission-600x600.jpg","_links":{"self":[{"href":"https:\/\/exploremessinia.com\/de\/wp-json\/wp\/v2\/pages\/3706","targetHints":{"allow":["GET"]}}],"collection":[{"href":"https:\/\/exploremessinia.com\/de\/wp-json\/wp\/v2\/pages"}],"about":[{"href":"https:\/\/exploremessinia.com\/de\/wp-json\/wp\/v2\/types\/page"}],"author":[{"embeddable":true,"href":"https:\/\/exploremessinia.com\/de\/wp-json\/wp\/v2\/users\/8"}],"replies":[{"embeddable":true,"href":"https:\/\/exploremessinia.com\/de\/wp-json\/wp\/v2\/comments?post=3706"}],"version-history":[{"count":0,"href":"https:\/\/exploremessinia.com\/de\/wp-json\/wp\/v2\/pages\/3706\/revisions"}],"wp:featuredmedia":[{"embeddable":true,"href":"https:\/\/exploremessinia.com\/de\/wp-json\/wp\/v2\/media\/3707"}],"wp:attachment":[{"href":"https:\/\/exploremessinia.com\/de\/wp-json\/wp\/v2\/media?parent=3706"}],"curies":[{"name":"wp","href":"https:\/\/api.w.org\/{rel}","templated":true}]}}