{"id":4012,"date":"2024-01-17T13:09:56","date_gmt":"2024-01-17T11:09:56","guid":{"rendered":"https:\/\/exploremesdev.wpengine.com\/was-unsere-gaeste-sagen\/"},"modified":"2026-03-18T00:41:49","modified_gmt":"2026-03-17T22:41:49","slug":"was-unsere-gaeste-sagen","status":"publish","type":"page","link":"https:\/\/exploremessinia.com\/de\/was-unsere-gaeste-sagen\/","title":{"rendered":"WAS UNSERE G\u00c4STE SAGEN"},"content":{"rendered":"<p><div class=\"fusion-bg-parallax\" data-bg-align=\"left top\" data-direction=\"up\" data-mute=\"false\" data-opacity=\"100\" data-velocity=\"-0.3\" data-mobile-enabled=\"false\" data-break_parents=\"0\" data-bg-image=\"https:\/\/exploremessinia.com\/wp-content\/uploads\/2022\/12\/Hiking-Gialova-and-Voidokoilia-Paleokastro.jpg\" data-bg-repeat=\"false\" data-bg-color=\"rgba(19,64,105,0.52)\" data-blend-mode=\"multiply\" ><\/div><div class=\"fusion-fullwidth fullwidth-box fusion-builder-row-1 fusion-flex-container has-pattern-background has-mask-background fusion-parallax-up hundred-percent-fullwidth non-hundred-percent-height-scrolling lazyload\" style=\"--link_hover_color: #fa9769;--awb-background-position:left top;--awb-background-blend-mode:multiply;--awb-border-sizes-top:40px;--awb-border-sizes-bottom:40px;--awb-border-sizes-left:40px;--awb-border-sizes-right:40px;--awb-border-color:#ffffff;--awb-border-radius-top-left:80px;--awb-border-radius-top-right:80px;--awb-border-radius-bottom-right:80px;--awb-border-radius-bottom-left:80px;--awb-overflow:hidden;--awb-padding-top:40px;--awb-padding-right:40px;--awb-padding-bottom:40px;--awb-padding-left:40px;--awb-margin-top:0px;--awb-margin-bottom:50px;--awb-margin-bottom-medium:40px;--awb-margin-bottom-small:30px;--awb-background-color:rgba(19,64,105,0.52);--awb-background-size:cover;--awb-flex-wrap:wrap;\" data-bg=\"https:\/\/exploremessinia.com\/wp-content\/uploads\/2022\/12\/Hiking-Gialova-and-Voidokoilia-Paleokastro.jpg\" ><div class=\"fusion-builder-row fusion-row fusion-flex-align-items-flex-start fusion-flex-justify-content-center fusion-flex-content-wrap\" style=\"width:104% !important;max-width:104% !important;margin-left: calc(-4% \/ 2 );margin-right: calc(-4% \/ 2 );\"><div class=\"fusion-layout-column fusion_builder_column fusion-builder-column-0 fusion-flex-column fusion-animated\" style=\"--awb-padding-bottom-medium:0px;--awb-bg-size:cover;--awb-width-large:40%;--awb-margin-top-large:0px;--awb-spacing-right-large:4.8%;--awb-margin-bottom-large:0px;--awb-spacing-left-large:4.8%;--awb-width-medium:100%;--awb-order-medium:0;--awb-spacing-right-medium:1.92%;--awb-margin-bottom-medium:60px;--awb-spacing-left-medium:1.92%;--awb-width-small:100%;--awb-order-small:0;--awb-spacing-right-small:1.92%;--awb-spacing-left-small:1.92%;\" data-animationType=\"fadeInUp\" data-animationDuration=\"1.3\" data-animationOffset=\"top-into-view\" data-scroll-devices=\"small-visibility,medium-visibility,large-visibility\"><div class=\"fusion-column-wrapper fusion-column-has-shadow fusion-flex-justify-content-flex-start fusion-content-layout-row\"><div class=\"fusion-title title fusion-title-1 fusion-sep-none fusion-title-text fusion-title-size-one fusion-animated\" style=\"--awb-text-color:#ffffff;--awb-margin-top:0px;--awb-margin-bottom:40px;--awb-margin-top-small:30px;--awb-margin-right-small:0px;--awb-margin-bottom-small:30px;--awb-margin-left-small:0px;--awb-sep-color:#d1d1d1;--awb-font-size:60px;\" data-animationType=\"slideInLeft\" data-animationDuration=\"0.4\" data-animationDelay=\"0.2\" data-animationOffset=\"top-into-view\"><h1 class=\"fusion-title-heading title-heading-left md-text-align-center sm-text-align-center fusion-responsive-typography-calculated\" style=\"margin:0;letter-spacing:3px;font-size:1em;--fontSize:60;line-height:1.2;\">Was sie sagen<\/h1><\/div><div class=\"fusion-title title fusion-title-2 fusion-sep-none fusion-title-text fusion-title-size-two fusion-animated\" style=\"--awb-text-color:#ffffff;--awb-margin-top:0px;--awb-margin-bottom:40px;--awb-margin-top-small:30px;--awb-margin-right-small:0px;--awb-margin-bottom-small:30px;--awb-margin-left-small:0px;--awb-sep-color:#d1d1d1;--awb-font-size:30px;\" data-animationType=\"slideInRight\" data-animationDuration=\"0.5\" data-animationDelay=\"0.4\" data-animationOffset=\"top-into-view\"><h2 class=\"fusion-title-heading title-heading-left md-text-align-center fusion-responsive-typography-calculated\" style=\"margin:0;letter-spacing:0px;text-transform:var(--awb-typography1-text-transform);font-size:1em;--fontSize:30;line-height:1.8;\">G\u00e4stebewertungen &amp; Medienberichte<\/h2><\/div><div class=\"fusion-text fusion-text-1 fusion-text-no-margin\" style=\"--awb-font-size:22px;--awb-line-height:1.7;--awb-letter-spacing:0px;--awb-text-color:#ffffff;--awb-margin-top:0px;--awb-margin-bottom:50px;\"><p style=\"text-align: justify;\">Branchenexperten vertrauen auf Explore Messinia, doch unsere wertvollste Empfehlung sind die Bewertungen unserer G\u00e4ste. Wir haben positive Anerkennung in renommierten Reisepublikationen erhalten, was unser Engagement f\u00fcr Exzellenz unterstreicht. Doch die vielleicht bedeutendste Best\u00e4tigung kommt von unseren zufriedenen Kunden, deren positive Erfahrungen und Erfahrungsberichte die unvergesslichen Abenteuer hervorheben, die wir anbieten. <\/p>\n<\/div><\/div><\/div><\/div><\/div><div class=\"fusion-fullwidth fullwidth-box fusion-builder-row-2 fusion-flex-container has-pattern-background has-mask-background nonhundred-percent-fullwidth non-hundred-percent-height-scrolling\" style=\"--awb-border-radius-top-left:0px;--awb-border-radius-top-right:0px;--awb-border-radius-bottom-right:0px;--awb-border-radius-bottom-left:0px;--awb-flex-wrap:wrap;\" ><div class=\"fusion-builder-row fusion-row fusion-flex-align-items-flex-start fusion-flex-content-wrap\" style=\"max-width:1248px;margin-left: calc(-4% \/ 2 );margin-right: calc(-4% \/ 2 );\"><div class=\"fusion-layout-column fusion_builder_column fusion-builder-column-1 fusion_builder_column_2_3 2_3 fusion-flex-column\" style=\"--awb-bg-size:cover;--awb-width-large:66.6666666667%;--awb-margin-top-large:0px;--awb-spacing-right-large:2.88%;--awb-margin-bottom-large:20px;--awb-spacing-left-large:2.88%;--awb-width-medium:66.6666666667%;--awb-order-medium:0;--awb-spacing-right-medium:2.88%;--awb-spacing-left-medium:2.88%;--awb-width-small:100%;--awb-order-small:0;--awb-spacing-right-small:1.92%;--awb-spacing-left-small:1.92%;\"><div class=\"fusion-column-wrapper fusion-column-has-shadow fusion-flex-justify-content-flex-start fusion-content-layout-column\"><div class=\"fusion-text fusion-text-2\"><h3 class=\"font-bold text-gray-800 text-h4 leading-&#091;30px&#093; pt-&#091;15px&#093; pb-&#091;2px&#093; &#091;&amp;_a&#093;:underline-offset-&#091;6px&#093; &#091;&amp;_.underline&#093;:underline-offset-&#091;6px&#093;\" dir=\"ltr\">Explore Messinia Bewertungen &amp; Kundenmeinungen<\/h3>\n<\/div><div class=\"fusion-text fusion-text-3\" style=\"--awb-text-color:var(--awb-custom15);\"><p>Deine Reise mit Explore Messinia liegt uns sehr am Herzen, und wer k\u00f6nnte die Vielfalt dieser Erfahrung besser beschreiben als unsere gesch\u00e4tzten Kunden selbst? Tauche ein in unsere Sammlung von Kundenbewertungen und Erfahrungsberichten. Sie bieten einen ungefilterten Einblick in die unvergesslichen Abenteuer, die dich erwarten, und geben Aufschluss \u00fcber unser Angebot an <a href=\"https:\/\/exploremessinia.com\/de\/alle-touren\/\">Touren und Dienstleistungen<\/a>. Das Lesen dieser Berichte hilft dir, die Qualit\u00e4t unserer Erlebnisse zu verstehen und eine fundierte Entscheidung f\u00fcr dein eigenes Abenteuer in Messenien zu treffen. Tauche ein in die authentischen Erz\u00e4hlungen unserer zufriedenen Kunden und erfahre, warum sie sich f\u00fcr ihre Reisen immer wieder f\u00fcr Explore Messinia entscheiden.    <\/p>\n<p>Klicke auf das TripAdvisor- oder Google-Symbol f\u00fcr mehr:<\/p>\n<\/div><div class=\"fusion-separator fusion-full-width-sep\" style=\"align-self: center;margin-left: auto;margin-right: auto;margin-top:40px;margin-bottom:40px;width:100%;\"><div class=\"fusion-separator-border sep-shadow\" style=\"--awb-height:20px;--awb-amount:20px;background:radial-gradient(ellipse at 50% -50% , #e2e2e2 0px, rgba(255, 255, 255, 0) 80%) repeat scroll 0 0 rgba(0, 0, 0, 0);background:-webkit-radial-gradient(ellipse at 50% -50% , #e2e2e2 0px, rgba(255, 255, 255, 0) 80%) repeat scroll 0 0 rgba(0, 0, 0, 0);background:-moz-radial-gradient(ellipse at 50% -50% , #e2e2e2 0px, rgba(255, 255, 255, 0) 80%) repeat scroll 0 0 rgba(0, 0, 0, 0);background:-o-radial-gradient(ellipse at 50% -50% , #e2e2e2 0px, rgba(255, 255, 255, 0) 80%) repeat scroll 0 0 rgba(0, 0, 0, 0);\"><\/div><\/div><div class=\"fusion-text fusion-text-4\" style=\"--awb-text-font-family:&quot;Hero New Regular&quot;;--awb-text-font-style:normal;--awb-text-font-weight:400;\"><h3>Autorisierte Wiederverk\u00e4ufer<\/h3>\n<\/div><div class=\"fusion-text fusion-text-5\" style=\"--awb-text-color:var(--awb-custom15);\"><p>Explore Messinia ist stolz darauf, mit einem Netzwerk autorisierter Wiederverk\u00e4ufer zusammenzuarbeiten, die unsere einzigartigen Touren und Dienstleistungen bewerben. Als Teil unseres Engagements f\u00fcr Qualit\u00e4t und Integrit\u00e4t halten sich unsere Partner an strenge Standards, um sicherzustellen, dass unsere Kunden unabh\u00e4ngig vom Buchungskanal das gleiche au\u00dfergew\u00f6hnliche Erlebnis erhalten.<br \/>\nUnten findest du eine Liste der Plattformen, auf denen unsere Produkte verf\u00fcgbar sind: <\/p>\n<ul>\n<li><a href=\"https:\/\/www.viator.com\/\" target=\"_blank\" rel=\"noopener\">Viator<\/a><\/li>\n<li><a href=\"https:\/\/maps.app.goo.gl\/MerVF5WjxcwAkmW66\" target=\"_blank\" rel=\"noopener\">Google Things to Do<\/a><\/li>\n<li><a href=\"http:\/\/www.airbnb.com\" target=\"_blank\" rel=\"noopener\">Airbnb<\/a><\/li>\n<li><a href=\"http:\/\/www.getyourguide.com\" target=\"_blank\" rel=\"noopener\">GetYourGuide<\/a><\/li>\n<li><a href=\"https:\/\/www.manawa.com\/\">Manawa<\/a><\/li>\n<li><a href=\"https:\/\/expediagroup.com\/\" target=\"_blank\" rel=\"noopener\">Expedia Group<\/a><\/li>\n<\/ul>\n<p>und viele weitere ausl\u00e4ndische und griechische OTAs<\/p>\n<\/div><div class=\"fusion-text fusion-text-6\"><h3>Erw\u00e4hnungen auf Websites und in Publikationen<\/h3>\n<\/div><div class=\"fusion-text fusion-text-7\" style=\"--awb-text-color:var(--awb-custom15);\"><p>Explore Messinia ist stolz auf die Anerkennung, die wir von namhaften Websites und Publikationen erhalten haben. Renommierte Reisejournale wie National Geographic Traveler und Lonely Planet haben <a href=\"https:\/\/exploremessinia.com\/de\/seekayaking\/\">\u00fcber unsere Touren berichtet<\/a>, was unser Engagement f\u00fcr authentische, immersive und verantwortungsbewusste Reiseerlebnisse widerspiegelt. Dar\u00fcber hinaus haben bekannte Websites wie TripAdvisor und Expedia unsere Bem\u00fchungen mit hervorragenden Bewertungen f\u00fcr Explore Messinia und hohen Einstufungen von Reisenden weltweit gew\u00fcrdigt. Diese breite Anerkennung best\u00e4tigt nicht nur unsere Arbeit, sondern motiviert uns auch, unsere Dienstleistungen f\u00fcr ein noch besseres Reiseerlebnis weiter zu verbessern.   <\/p>\n<p><a href=\"https:\/\/www.lonelyplanet.com\/greece\/messinia\">Lonely Planet<\/a><\/p>\n<p><a href=\"https:\/\/www.greentraveller.co.uk\/post\/local-activities-in-the-peloponnese\">Green Traveller<\/a><\/p>\n<p><a href=\"https:\/\/www.lametayel.co.il\/pois\/xgxo8\">Lametayel.co.il<\/a><\/p>\n<p><a href=\"https:\/\/exploringgreece.tv\/en\/greece\/kardamyli-a-gem-of-the-mediterranean-in-messinian-mani\/65973\/\">Exploringgreece.tv<\/a><\/p>\n<p><a href=\"https:\/\/grieksblauw.nl\/messinia-de-mooiste-watervallen-van-griekenland\/\">Grieksblauw<\/a><\/p>\n<p><a href=\"https:\/\/www.kayak.de\/Kalamata.19510.guide\">KAYAK<\/a><\/p>\n<\/div><\/div><\/div><div class=\"fusion-layout-column fusion_builder_column fusion-builder-column-2 fusion_builder_column_1_3 1_3 fusion-flex-column\" style=\"--awb-bg-size:cover;--awb-width-large:33.3333333333%;--awb-margin-top-large:0px;--awb-spacing-right-large:5.76%;--awb-margin-bottom-large:20px;--awb-spacing-left-large:5.76%;--awb-width-medium:33.3333333333%;--awb-order-medium:0;--awb-spacing-right-medium:5.76%;--awb-spacing-left-medium:5.76%;--awb-width-small:100%;--awb-order-small:0;--awb-spacing-right-small:1.92%;--awb-spacing-left-small:1.92%;\"><div class=\"fusion-column-wrapper fusion-column-has-shadow fusion-flex-justify-content-flex-start fusion-content-layout-column\"><div class=\"fusion-image-element \" style=\"text-align:left;--awb-caption-title-font-family:var(--h2_typography-font-family);--awb-caption-title-font-weight:var(--h2_typography-font-weight);--awb-caption-title-font-style:var(--h2_typography-font-style);--awb-caption-title-size:var(--h2_typography-font-size);--awb-caption-title-transform:var(--h2_typography-text-transform);--awb-caption-title-line-height:var(--h2_typography-line-height);--awb-caption-title-letter-spacing:var(--h2_typography-letter-spacing);\"><span class=\" fusion-imageframe imageframe-none imageframe-1 hover-type-none\"><a class=\"fusion-no-lightbox\" href=\"https:\/\/www.tripadvisor.com\/Attraction_Review-g668020-d6834200-Reviews-Explore_Messinia-Kalamata_Messenia_Region_Peloponnese.html\" target=\"_blank\" aria-label=\"TripAdvisor\" rel=\"noopener noreferrer\"><img decoding=\"async\" width=\"1300\" height=\"800\" alt=\"5-Sterne-Bewertungen f\u00fcr Explore Messinia auf TripAdvisor\" src=\"https:\/\/exploremessinia.com\/wp-content\/uploads\/2024\/01\/Trip-advisor_tin.jpg\" data-orig-src=\"https:\/\/exploremessinia.com\/wp-content\/uploads\/2024\/01\/Trip-advisor_tin.jpg\" class=\"lazyload img-responsive wp-image-4015\" srcset=\"data:image\/svg+xml,%3Csvg%20xmlns%3D%27http%3A%2F%2Fwww.w3.org%2F2000%2Fsvg%27%20width%3D%271300%27%20height%3D%27800%27%20viewBox%3D%270%200%201300%20800%27%3E%3Crect%20width%3D%271300%27%20height%3D%27800%27%20fill-opacity%3D%220%22%2F%3E%3C%2Fsvg%3E\" data-srcset=\"https:\/\/exploremessinia.com\/wp-content\/uploads\/2024\/01\/Trip-advisor_tin-200x123.jpg 200w, https:\/\/exploremessinia.com\/wp-content\/uploads\/2024\/01\/Trip-advisor_tin-400x246.jpg 400w, https:\/\/exploremessinia.com\/wp-content\/uploads\/2024\/01\/Trip-advisor_tin-600x369.jpg 600w, https:\/\/exploremessinia.com\/wp-content\/uploads\/2024\/01\/Trip-advisor_tin-800x492.jpg 800w, https:\/\/exploremessinia.com\/wp-content\/uploads\/2024\/01\/Trip-advisor_tin-1200x738.jpg 1200w, https:\/\/exploremessinia.com\/wp-content\/uploads\/2024\/01\/Trip-advisor_tin.jpg 1300w\" data-sizes=\"auto\" data-orig-sizes=\"(max-width: 640px) 100vw, 400px\" \/><\/a><\/span><\/div><div class=\"fusion-image-element \" style=\"--awb-caption-title-font-family:var(--h2_typography-font-family);--awb-caption-title-font-weight:var(--h2_typography-font-weight);--awb-caption-title-font-style:var(--h2_typography-font-style);--awb-caption-title-size:var(--h2_typography-font-size);--awb-caption-title-transform:var(--h2_typography-text-transform);--awb-caption-title-line-height:var(--h2_typography-line-height);--awb-caption-title-letter-spacing:var(--h2_typography-letter-spacing);\"><span class=\" fusion-imageframe imageframe-none imageframe-2 hover-type-none\"><a class=\"fusion-no-lightbox\" href=\"https:\/\/g.page\/r\/CWKHUm20C4fOEBM\/review\" target=\"_blank\" aria-label=\"60d4509851d12743d030a9eb 5c11336dd43b9272273fb4ce Google-Rezensionen\" rel=\"noopener noreferrer\"><img decoding=\"async\" width=\"1300\" height=\"800\" alt=\"5-Sterne-Bewertungen f\u00fcr Explore Messinia auf Google\" src=\"https:\/\/exploremessinia.com\/wp-content\/uploads\/2024\/01\/60d4509851d12743d030a9eb_5c11336dd43b9272273fb4ce_Google-Reviews.jpeg\" data-orig-src=\"https:\/\/exploremessinia.com\/wp-content\/uploads\/2024\/01\/60d4509851d12743d030a9eb_5c11336dd43b9272273fb4ce_Google-Reviews.jpeg\" class=\"lazyload img-responsive wp-image-4014\" srcset=\"data:image\/svg+xml,%3Csvg%20xmlns%3D%27http%3A%2F%2Fwww.w3.org%2F2000%2Fsvg%27%20width%3D%271300%27%20height%3D%27800%27%20viewBox%3D%270%200%201300%20800%27%3E%3Crect%20width%3D%271300%27%20height%3D%27800%27%20fill-opacity%3D%220%22%2F%3E%3C%2Fsvg%3E\" data-srcset=\"https:\/\/exploremessinia.com\/wp-content\/uploads\/2024\/01\/60d4509851d12743d030a9eb_5c11336dd43b9272273fb4ce_Google-Reviews-200x123.jpeg 200w, https:\/\/exploremessinia.com\/wp-content\/uploads\/2024\/01\/60d4509851d12743d030a9eb_5c11336dd43b9272273fb4ce_Google-Reviews-400x246.jpeg 400w, https:\/\/exploremessinia.com\/wp-content\/uploads\/2024\/01\/60d4509851d12743d030a9eb_5c11336dd43b9272273fb4ce_Google-Reviews-600x369.jpeg 600w, https:\/\/exploremessinia.com\/wp-content\/uploads\/2024\/01\/60d4509851d12743d030a9eb_5c11336dd43b9272273fb4ce_Google-Reviews-800x492.jpeg 800w, https:\/\/exploremessinia.com\/wp-content\/uploads\/2024\/01\/60d4509851d12743d030a9eb_5c11336dd43b9272273fb4ce_Google-Reviews-1200x738.jpeg 1200w, https:\/\/exploremessinia.com\/wp-content\/uploads\/2024\/01\/60d4509851d12743d030a9eb_5c11336dd43b9272273fb4ce_Google-Reviews.jpeg 1300w\" data-sizes=\"auto\" data-orig-sizes=\"(max-width: 640px) 100vw, 400px\" \/><\/a><\/span><\/div><div class=\"fusion-separator fusion-full-width-sep\" style=\"align-self: center;margin-left: auto;margin-right: auto;width:100%;\"><div class=\"fusion-separator-border sep-single sep-solid\" style=\"--awb-height:20px;--awb-amount:20px;border-color:#e2e2e2;border-top-width:2px;\"><\/div><\/div><a href=\"https:\/\/www.kayak.de\/Kalamata.19510.guide\" target=\"_blank\"><img class=\"lazyload\" decoding=\"async\" height=\"300\" src=\"data:image\/gif;base64,R0lGODlhAQABAAAAACH5BAEKAAEALAAAAAABAAEAAAICTAEAOw==\" data-orig-src=\"https:\/\/content.r9cdn.net\/rimg\/seo\/badges\/v1\/ORANGE_LARGE_FIND_US_KAYAK.png\"><\/a><\/div><\/div><\/div><\/div><\/p>\n","protected":false},"excerpt":{"rendered":"","protected":false},"author":8,"featured_media":3548,"parent":0,"menu_order":47,"comment_status":"closed","ping_status":"closed","template":"100-width.php","meta":{"_acf_changed":false,"inline_featured_image":false,"footnotes":""},"class_list":["post-4012","page","type-page","status-publish","has-post-thumbnail","hentry"],"acf":[],"featured_image_src":"https:\/\/exploremessinia.com\/wp-content\/uploads\/2022\/12\/Hiking-Gialova-and-Voidokoilia-Paleokastro-600x400.jpg","featured_image_src_square":"https:\/\/exploremessinia.com\/wp-content\/uploads\/2022\/12\/Hiking-Gialova-and-Voidokoilia-Paleokastro-600x600.jpg","_links":{"self":[{"href":"https:\/\/exploremessinia.com\/de\/wp-json\/wp\/v2\/pages\/4012","targetHints":{"allow":["GET"]}}],"collection":[{"href":"https:\/\/exploremessinia.com\/de\/wp-json\/wp\/v2\/pages"}],"about":[{"href":"https:\/\/exploremessinia.com\/de\/wp-json\/wp\/v2\/types\/page"}],"author":[{"embeddable":true,"href":"https:\/\/exploremessinia.com\/de\/wp-json\/wp\/v2\/users\/8"}],"replies":[{"embeddable":true,"href":"https:\/\/exploremessinia.com\/de\/wp-json\/wp\/v2\/comments?post=4012"}],"version-history":[{"count":0,"href":"https:\/\/exploremessinia.com\/de\/wp-json\/wp\/v2\/pages\/4012\/revisions"}],"wp:featuredmedia":[{"embeddable":true,"href":"https:\/\/exploremessinia.com\/de\/wp-json\/wp\/v2\/media\/3548"}],"wp:attachment":[{"href":"https:\/\/exploremessinia.com\/de\/wp-json\/wp\/v2\/media?parent=4012"}],"curies":[{"name":"wp","href":"https:\/\/api.w.org\/{rel}","templated":true}]}}