{"id":4039,"date":"2023-03-06T14:41:40","date_gmt":"2023-03-06T12:41:40","guid":{"rendered":"https:\/\/exploremesdev.wpengine.com\/werde-teil-des-teams\/"},"modified":"2026-03-18T00:42:37","modified_gmt":"2026-03-17T22:42:37","slug":"werde-teil-des-teams","status":"publish","type":"page","link":"https:\/\/exploremessinia.com\/de\/werde-teil-des-teams\/","title":{"rendered":"WERDE TEIL DES TEAMS"},"content":{"rendered":"<p><div class=\"fusion-bg-parallax\" data-bg-align=\"left center\" data-direction=\"up\" data-mute=\"false\" data-opacity=\"100\" data-velocity=\"-0.3\" data-mobile-enabled=\"false\" data-break_parents=\"0\" data-bg-image=\"https:\/\/expmesprod.wpengine.com\/wp-content\/uploads\/2023\/03\/Explore-Messinia-Hiring-scaled.jpg\" data-bg-repeat=\"false\" data-bg-color=\"rgba(147,147,147,0.7)\" data-blend-mode=\"multiply\" ><\/div><div class=\"fusion-fullwidth fullwidth-box fusion-builder-row-1 fusion-flex-container has-pattern-background has-mask-background fusion-parallax-up hundred-percent-fullwidth non-hundred-percent-height-scrolling lazyload\" style=\"--link_hover_color: #fa9769;--awb-background-position:left center;--awb-background-blend-mode:multiply;--awb-border-sizes-top:40px;--awb-border-sizes-bottom:40px;--awb-border-sizes-left:40px;--awb-border-sizes-right:40px;--awb-border-color:#ffffff;--awb-border-radius-top-left:80px;--awb-border-radius-top-right:80px;--awb-border-radius-bottom-right:80px;--awb-border-radius-bottom-left:80px;--awb-overflow:hidden;--awb-padding-top:40px;--awb-padding-right:40px;--awb-padding-bottom:40px;--awb-padding-left:40px;--awb-margin-top:0px;--awb-margin-bottom:50px;--awb-margin-bottom-medium:40px;--awb-margin-bottom-small:30px;--awb-background-color:rgba(147,147,147,0.7);--awb-background-size:cover;--awb-flex-wrap:wrap;\" data-bg=\"https:\/\/expmesprod.wpengine.com\/wp-content\/uploads\/2023\/03\/Explore-Messinia-Hiring-scaled.jpg\" ><div class=\"fusion-builder-row fusion-row fusion-flex-align-items-flex-start fusion-flex-justify-content-center fusion-flex-content-wrap\" style=\"width:104% !important;max-width:104% !important;margin-left: calc(-4% \/ 2 );margin-right: calc(-4% \/ 2 );\"><div class=\"fusion-layout-column fusion_builder_column fusion-builder-column-0 fusion-flex-column fusion-animated\" style=\"--awb-padding-bottom-medium:0px;--awb-bg-size:cover;--awb-width-large:40%;--awb-margin-top-large:0px;--awb-spacing-right-large:4.8%;--awb-margin-bottom-large:0px;--awb-spacing-left-large:4.8%;--awb-width-medium:100%;--awb-order-medium:0;--awb-spacing-right-medium:1.92%;--awb-margin-bottom-medium:60px;--awb-spacing-left-medium:1.92%;--awb-width-small:100%;--awb-order-small:0;--awb-spacing-right-small:1.92%;--awb-spacing-left-small:1.92%;\" data-animationType=\"fadeInUp\" data-animationDuration=\"1.3\" data-animationOffset=\"top-into-view\"><div class=\"fusion-column-wrapper fusion-column-has-shadow fusion-flex-justify-content-flex-start fusion-content-layout-row\"><div class=\"fusion-title title fusion-title-1 fusion-sep-none fusion-title-text fusion-title-size-one fusion-animated\" style=\"--awb-text-color:#ffffff;--awb-margin-top:0px;--awb-margin-bottom:40px;--awb-margin-top-small:30px;--awb-margin-right-small:0px;--awb-margin-bottom-small:30px;--awb-margin-left-small:0px;--awb-sep-color:#d1d1d1;--awb-font-size:60px;\" data-animationType=\"slideInLeft\" data-animationDuration=\"0.4\" data-animationDelay=\"0.2\" data-animationOffset=\"top-into-view\"><h1 class=\"fusion-title-heading title-heading-left md-text-align-center sm-text-align-center fusion-responsive-typography-calculated\" style=\"margin:0;letter-spacing:3px;font-size:1em;--fontSize:60;line-height:1.2;\">WERDE TEIL DES TEAMS<\/h1><\/div><div class=\"fusion-title title fusion-title-2 fusion-sep-none fusion-title-center fusion-title-text fusion-title-size-two fusion-animated\" style=\"--awb-text-color:#ffffff;--awb-margin-top:0px;--awb-margin-bottom:40px;--awb-margin-top-small:30px;--awb-margin-right-small:0px;--awb-margin-bottom-small:30px;--awb-margin-left-small:0px;--awb-sep-color:#d1d1d1;--awb-font-size:35px;\" data-animationType=\"slideInRight\" data-animationDuration=\"0.5\" data-animationDelay=\"0.4\" data-animationOffset=\"top-into-view\"><h2 class=\"fusion-title-heading title-heading-center sm-text-align-left fusion-responsive-typography-calculated\" style=\"margin:0;letter-spacing:0px;text-transform:var(--awb-typography1-text-transform);font-size:1em;--fontSize:35;line-height:1.8;\"><p style=\"text-align: left;\">Bist du gro\u00dfartig? Arbeite mit uns! <\/p><\/h2><\/div><div class=\"fusion-text fusion-text-1 fusion-no-small-visibility fusion-text-no-margin\" style=\"--awb-font-size:22px;--awb-line-height:1.7;--awb-letter-spacing:0px;--awb-text-transform:var(--awb-typography4-text-transform);--awb-text-color:#ffffff;--awb-margin-top:0px;--awb-margin-bottom:50px;\"><p>Wir sind st\u00e4ndig auf der Suche nach talentierten Menschen, die unser Team verst\u00e4rken. Wir suchen Profis mit vielf\u00e4ltigen F\u00e4higkeiten und Leidenschaft f\u00fcr das, was sie tun.<\/p>\n<\/div><\/div><\/div><div class=\"fusion-layout-column fusion_builder_column fusion-builder-column-1 fusion_builder_column_1_1 1_1 fusion-flex-column\" style=\"--awb-bg-size:cover;--awb-width-large:100%;--awb-margin-top-large:0px;--awb-spacing-right-large:1.92%;--awb-margin-bottom-large:20px;--awb-spacing-left-large:1.92%;--awb-width-medium:100%;--awb-order-medium:0;--awb-spacing-right-medium:1.92%;--awb-spacing-left-medium:1.92%;--awb-width-small:100%;--awb-order-small:0;--awb-spacing-right-small:1.92%;--awb-spacing-left-small:1.92%;\"><div class=\"fusion-column-wrapper fusion-column-has-shadow fusion-flex-justify-content-flex-start fusion-content-layout-column\"><\/div><\/div><\/div><\/div><div class=\"fusion-fullwidth fullwidth-box fusion-builder-row-2 fusion-flex-container has-pattern-background has-mask-background nonhundred-percent-fullwidth non-hundred-percent-height-scrolling\" style=\"--awb-border-radius-top-left:0px;--awb-border-radius-top-right:0px;--awb-border-radius-bottom-right:0px;--awb-border-radius-bottom-left:0px;--awb-flex-wrap:wrap;\" ><div class=\"fusion-builder-row fusion-row fusion-flex-align-items-flex-start fusion-flex-content-wrap\" style=\"max-width:1248px;margin-left: calc(-4% \/ 2 );margin-right: calc(-4% \/ 2 );\"><div class=\"fusion-layout-column fusion_builder_column fusion-builder-column-2 fusion_builder_column_1_1 1_1 fusion-flex-column\" style=\"--awb-bg-size:cover;--awb-width-large:100%;--awb-margin-top-large:0px;--awb-spacing-right-large:1.92%;--awb-margin-bottom-large:20px;--awb-spacing-left-large:1.92%;--awb-width-medium:100%;--awb-order-medium:0;--awb-spacing-right-medium:1.92%;--awb-spacing-left-medium:1.92%;--awb-width-small:100%;--awb-order-small:0;--awb-spacing-right-small:1.92%;--awb-spacing-left-small:1.92%;\"><div class=\"fusion-column-wrapper fusion-column-has-shadow fusion-flex-justify-content-flex-start fusion-content-layout-column\"><div class=\"fusion-text fusion-text-2\"><div class=\"break-words markdown-formatted-text\">\n<h2>MACH MIT!<\/h2>\n<p class=\"my-0.5\">Bei Explore Messinia setzen wir uns daf\u00fcr ein, ein Umfeld der Zusammenarbeit und Kreativit\u00e4t zu schaffen, mit dem gemeinsamen Ziel, positive Ver\u00e4nderungen in der Reisebranche zu bewirken. Wenn du eine Karriere m\u00f6chtest, die wirklich etwas bewegen kann, und du denkst, dass du in unser wachsendes Team passt, kontaktiere uns bitte. <\/p>\n<p>Wir suchen Reiseleiter und Unterst\u00fctzung im B\u00fcrobetrieb.<\/p>\n<\/div>\n<p>Bitte <strong>schick uns deinen Lebenslauf und ein Anschreiben, warum du denkst, dass du in unser Team passt<\/strong>, an <a href=\"mailto:welcome@exploremessinia.com\">welcome@exploremessinia.com<\/a><\/p>\n<\/div><div class=\"fusion-image-element \" style=\"--awb-aspect-ratio:1 \/ 1;--awb-caption-title-font-family:var(--h2_typography-font-family);--awb-caption-title-font-weight:var(--h2_typography-font-weight);--awb-caption-title-font-style:var(--h2_typography-font-style);--awb-caption-title-size:var(--h2_typography-font-size);--awb-caption-title-transform:var(--h2_typography-text-transform);--awb-caption-title-line-height:var(--h2_typography-line-height);--awb-caption-title-letter-spacing:var(--h2_typography-letter-spacing);\"><span class=\" fusion-imageframe imageframe-none imageframe-1 hover-type-none has-aspect-ratio\" style=\"border-radius:15px;\"><img decoding=\"async\" width=\"2000\" height=\"2000\" alt=\"Explore Messinia Neuzugang 2023\" title=\"Explore Messinia Neuzugang 2023\" src=\"https:\/\/exploremessinia.com\/wp-content\/uploads\/2023\/03\/Explore-Messinia-new-2023-recruit.jpg\" data-orig-src=\"https:\/\/exploremessinia.com\/wp-content\/uploads\/2023\/03\/Explore-Messinia-new-2023-recruit.jpg\" class=\"lazyload img-responsive wp-image-4040 img-with-aspect-ratio\" data-parent-fit=\"cover\" data-parent-container=\".fusion-image-element\" srcset=\"data:image\/svg+xml,%3Csvg%20xmlns%3D%27http%3A%2F%2Fwww.w3.org%2F2000%2Fsvg%27%20width%3D%272000%27%20height%3D%272000%27%20viewBox%3D%270%200%202000%202000%27%3E%3Crect%20width%3D%272000%27%20height%3D%272000%27%20fill-opacity%3D%220%22%2F%3E%3C%2Fsvg%3E\" data-srcset=\"https:\/\/exploremessinia.com\/wp-content\/uploads\/2023\/03\/Explore-Messinia-new-2023-recruit-200x200.jpg 200w, https:\/\/exploremessinia.com\/wp-content\/uploads\/2023\/03\/Explore-Messinia-new-2023-recruit-400x400.jpg 400w, https:\/\/exploremessinia.com\/wp-content\/uploads\/2023\/03\/Explore-Messinia-new-2023-recruit-600x600.jpg 600w, https:\/\/exploremessinia.com\/wp-content\/uploads\/2023\/03\/Explore-Messinia-new-2023-recruit-800x800.jpg 800w, https:\/\/exploremessinia.com\/wp-content\/uploads\/2023\/03\/Explore-Messinia-new-2023-recruit-1200x1200.jpg 1200w, https:\/\/exploremessinia.com\/wp-content\/uploads\/2023\/03\/Explore-Messinia-new-2023-recruit.jpg 2000w\" data-sizes=\"auto\" data-orig-sizes=\"(max-width: 640px) 100vw, 1200px\" \/><\/span><\/div><\/div><\/div><\/div><\/div><\/p>\n","protected":false},"excerpt":{"rendered":"","protected":false},"author":8,"featured_media":0,"parent":0,"menu_order":53,"comment_status":"closed","ping_status":"closed","template":"100-width.php","meta":{"_acf_changed":false,"inline_featured_image":false,"footnotes":""},"class_list":["post-4039","page","type-page","status-publish","hentry"],"acf":[],"featured_image_src":null,"featured_image_src_square":null,"_links":{"self":[{"href":"https:\/\/exploremessinia.com\/de\/wp-json\/wp\/v2\/pages\/4039","targetHints":{"allow":["GET"]}}],"collection":[{"href":"https:\/\/exploremessinia.com\/de\/wp-json\/wp\/v2\/pages"}],"about":[{"href":"https:\/\/exploremessinia.com\/de\/wp-json\/wp\/v2\/types\/page"}],"author":[{"embeddable":true,"href":"https:\/\/exploremessinia.com\/de\/wp-json\/wp\/v2\/users\/8"}],"replies":[{"embeddable":true,"href":"https:\/\/exploremessinia.com\/de\/wp-json\/wp\/v2\/comments?post=4039"}],"version-history":[{"count":0,"href":"https:\/\/exploremessinia.com\/de\/wp-json\/wp\/v2\/pages\/4039\/revisions"}],"wp:attachment":[{"href":"https:\/\/exploremessinia.com\/de\/wp-json\/wp\/v2\/media?parent=4039"}],"curies":[{"name":"wp","href":"https:\/\/api.w.org\/{rel}","templated":true}]}}