{"id":3524,"date":"2021-12-09T09:33:30","date_gmt":"2021-12-09T07:33:30","guid":{"rendered":"https:\/\/exploremesdev.wpengine.com\/notre-equipe\/"},"modified":"2026-03-18T00:14:06","modified_gmt":"2026-03-17T22:14:06","slug":"notre-equipe","status":"publish","type":"page","link":"https:\/\/exploremessinia.com\/fr\/notre-equipe\/","title":{"rendered":"NOTRE \u00c9QUIPE"},"content":{"rendered":"<p><div class=\"fusion-bg-parallax\" data-bg-align=\"left center\" data-direction=\"down\" data-mute=\"false\" data-opacity=\"100\" data-velocity=\"-0.3\" data-mobile-enabled=\"false\" data-break_parents=\"0\" data-bg-image=\"https:\/\/expmesprod.wpengine.com\/wp-content\/uploads\/2022\/12\/Hiking-Gialova-and-Voidokoilia-Paleokastro.jpg\" data-bg-repeat=\"false\" data-bg-color=\"rgba(19,64,105,0.5)\" data-blend-mode=\"multiply\" ><\/div><div class=\"fusion-fullwidth fullwidth-box fusion-builder-row-1 fusion-flex-container has-pattern-background has-mask-background fusion-parallax-down hundred-percent-fullwidth non-hundred-percent-height-scrolling lazyload\" style=\"--link_hover_color: #fa9769;--awb-background-position:left center;--awb-background-blend-mode:multiply;--awb-border-sizes-top:40px;--awb-border-sizes-bottom:40px;--awb-border-sizes-left:40px;--awb-border-sizes-right:40px;--awb-border-color:#ffffff;--awb-border-radius-top-left:80px;--awb-border-radius-top-right:80px;--awb-border-radius-bottom-right:80px;--awb-border-radius-bottom-left:80px;--awb-overflow:hidden;--awb-padding-top:40px;--awb-padding-right:40px;--awb-padding-bottom:40px;--awb-padding-left:40px;--awb-margin-top:0px;--awb-margin-bottom:50px;--awb-margin-bottom-medium:40px;--awb-margin-bottom-small:30px;--awb-background-color:rgba(19,64,105,0.5);--awb-background-size:cover;--awb-flex-wrap:wrap;\" data-bg=\"https:\/\/expmesprod.wpengine.com\/wp-content\/uploads\/2022\/12\/Hiking-Gialova-and-Voidokoilia-Paleokastro.jpg\" ><div class=\"fusion-builder-row fusion-row fusion-flex-align-items-flex-start fusion-flex-justify-content-center fusion-flex-content-wrap\" style=\"width:104% !important;max-width:104% !important;margin-left: calc(-4% \/ 2 );margin-right: calc(-4% \/ 2 );\"><div class=\"fusion-layout-column fusion_builder_column fusion-builder-column-0 fusion-flex-column fusion-animated\" style=\"--awb-padding-bottom-medium:0px;--awb-bg-size:cover;--awb-width-large:40%;--awb-margin-top-large:0px;--awb-spacing-right-large:4.8%;--awb-margin-bottom-large:0px;--awb-spacing-left-large:4.8%;--awb-width-medium:100%;--awb-order-medium:0;--awb-spacing-right-medium:1.92%;--awb-margin-bottom-medium:60px;--awb-spacing-left-medium:1.92%;--awb-width-small:100%;--awb-order-small:0;--awb-spacing-right-small:1.92%;--awb-spacing-left-small:1.92%;\" data-animationType=\"fadeInUp\" data-animationDuration=\"1.3\" data-animationOffset=\"top-into-view\"><div class=\"fusion-column-wrapper fusion-column-has-shadow fusion-flex-justify-content-flex-start fusion-content-layout-row\"><div class=\"fusion-title title fusion-title-1 fusion-sep-none fusion-title-text fusion-title-size-one fusion-animated\" style=\"--awb-text-color:#ffffff;--awb-margin-top:0px;--awb-margin-bottom:40px;--awb-margin-top-small:30px;--awb-margin-right-small:0px;--awb-margin-bottom-small:30px;--awb-margin-left-small:0px;--awb-sep-color:#d1d1d1;--awb-font-size:60px;\" data-animationType=\"slideInLeft\" data-animationDuration=\"0.4\" data-animationDelay=\"0.2\" data-animationOffset=\"top-into-view\"><h1 class=\"fusion-title-heading title-heading-left md-text-align-center sm-text-align-center fusion-responsive-typography-calculated\" style=\"margin:0;letter-spacing:3px;font-size:1em;--fontSize:60;line-height:1.2;\">NOTRE \u00c9QUIPE<\/h1><\/div><div class=\"fusion-title title fusion-title-2 fusion-sep-none fusion-title-text fusion-title-size-two fusion-animated\" style=\"--awb-text-color:#ffffff;--awb-margin-top:0px;--awb-margin-bottom:40px;--awb-margin-top-small:30px;--awb-margin-right-small:0px;--awb-margin-bottom-small:30px;--awb-margin-left-small:0px;--awb-sep-color:#d1d1d1;--awb-font-size:35px;\" data-animationType=\"slideInRight\" data-animationDuration=\"0.5\" data-animationDelay=\"0.4\" data-animationOffset=\"top-into-view\"><h2 class=\"fusion-title-heading title-heading-left md-text-align-center fusion-responsive-typography-calculated\" style=\"margin:0;letter-spacing:0px;text-transform:var(--awb-typography1-text-transform);font-size:1em;--fontSize:35;line-height:1.8;\"><p style=\"text-align: left;\">Rencontre l\u00e9quipe Explore Messinia, nos guides experts  fondateurs<\/p><\/h2><\/div><div class=\"fusion-text fusion-text-1 fusion-no-small-visibility fusion-text-no-margin\" style=\"--awb-font-size:22px;--awb-line-height:1.7;--awb-letter-spacing:0px;--awb-text-transform:var(--awb-typography4-text-transform);--awb-text-color:#ffffff;--awb-margin-top:0px;--awb-margin-bottom:50px;\"><p>Nous sommes un op\u00e9rateur de voyages et de s\u00e9jours daventure bas\u00e9 dans le P\u00e9loponn\u00e8se, offrant des exp\u00e9riences uniques et authentiques dans certaines des r\u00e9gions les plus \u00e9poustouflantes. Nous sommes experts dans lorganisation de nombreuses activit\u00e9s qui permettent aux voyageurs de d\u00e9couvrir ce que nous aimons le plus : notre patrie. Toutes nos excursions sont soigneusement con\u00e7ues pour sadapter \u00e0 diff\u00e9rents \u00e2ges et int\u00e9r\u00eats. Que tu sois une famille avec des enfants, un d\u00e9butant complet, un passionn\u00e9 de plein air ou quelquun en qu\u00eate de plus de d\u00e9fis, nous avons le voyage daventure parfait pour toi. Notre \u00e9quipe de guides passionn\u00e9s de plein air te garantira une exp\u00e9rience inoubliable, qui restera grav\u00e9e dans tes souvenirs, longtemps apr\u00e8s ton retour \u00e0 la maison.<\/p>\n<\/div><\/div><\/div><\/div><\/div><div class=\"fusion-fullwidth fullwidth-box fusion-builder-row-2 fusion-flex-container nonhundred-percent-fullwidth non-hundred-percent-height-scrolling\" style=\"--awb-border-sizes-top:0px;--awb-border-sizes-bottom:0px;--awb-border-sizes-left:0px;--awb-border-sizes-right:0px;--awb-border-color:rgba(226,226,226,0);--awb-border-style:dashed;--awb-border-radius-top-left:0px;--awb-border-radius-top-right:0px;--awb-border-radius-bottom-right:0px;--awb-border-radius-bottom-left:0px;--awb-padding-top:0px;--awb-padding-bottom:34px;--awb-margin-top:50px;--awb-margin-bottom:45px;--awb-min-height:600px;--awb-background-color:#ffffff;--awb-background-image:linear-gradient(180deg, #ffffff 0%,#ffffff 100%);--awb-flex-wrap:wrap;\" ><div class=\"fusion-builder-row fusion-row fusion-flex-align-items-flex-start fusion-flex-align-content-space-between fusion-flex-content-wrap\" style=\"max-width:1248px;margin-left: calc(-4% \/ 2 );margin-right: calc(-4% \/ 2 );\"><div class=\"fusion-layout-column fusion_builder_column fusion-builder-column-1 fusion_builder_column_1_1 1_1 fusion-flex-column\" style=\"--awb-bg-size:cover;--awb-width-large:100%;--awb-margin-top-large:0px;--awb-spacing-right-large:1.92%;--awb-margin-bottom-large:20px;--awb-spacing-left-large:1.92%;--awb-width-medium:100%;--awb-order-medium:0;--awb-spacing-right-medium:1.92%;--awb-spacing-left-medium:1.92%;--awb-width-small:100%;--awb-order-small:0;--awb-spacing-right-small:1.92%;--awb-spacing-left-small:1.92%;\"><div class=\"fusion-column-wrapper fusion-column-has-shadow fusion-flex-justify-content-space-around fusion-content-layout-row\"><div class=\"fusion-title title fusion-title-3 fusion-sep-none fusion-title-rotating fusion-animate-once fusion-title-fadeIn fusion-title-size-three\" style=\"--awb-text-color:#134069;--awb-margin-top:20px;--awb-margin-bottom:10px;--awb-margin-top-small:10px;--awb-margin-right-small:0px;--awb-margin-bottom-small:10px;--awb-margin-left-small:0px;--awb-font-size:38px;\"><h3 class=\"fusion-title-heading title-heading-left fusion-responsive-typography-calculated\" style=\"margin:0;letter-spacing:-0.012em;text-transform:var(--awb-typography1-text-transform);font-size:1em;--fontSize:38;line-height:1;\"><span class=\"fusion-animated-text-prefix\"><\/span> <span class=\"fusion-animated-texts-wrapper\" style=\"text-align: center;\" data-length=\"char\" data-minDisplayTime=\"800\"><span class=\"fusion-animated-texts\"><span data-in-effect=\"fadeIn\" class=\"fusion-animated-text\" data-in-sequence=\"true\" data-out-reverse=\"true\" data-out-effect=\"fadeOut\">Rencontrez l&#039;\u00e9quipe<\/span><\/span><\/span> <span class=\"fusion-animated-text-postfix\"><\/span><\/h3><\/div><\/div><\/div><div class=\"fusion-layout-column fusion_builder_column fusion-builder-column-2 fusion_builder_column_1_2 1_2 fusion-flex-column\" style=\"--awb-bg-size:cover;--awb-width-large:50%;--awb-margin-top-large:0px;--awb-spacing-right-large:3.84%;--awb-margin-bottom-large:20px;--awb-spacing-left-large:3.84%;--awb-width-medium:50%;--awb-order-medium:0;--awb-spacing-right-medium:3.84%;--awb-spacing-left-medium:3.84%;--awb-width-small:100%;--awb-order-small:0;--awb-spacing-right-small:1.92%;--awb-spacing-left-small:1.92%;\" data-scroll-devices=\"small-visibility,medium-visibility,large-visibility\"><div class=\"fusion-column-wrapper fusion-column-has-shadow fusion-flex-justify-content-space-evenly fusion-content-layout-column\"><div class=\"fusion-person person fusion-person-center fusion-person-1 fusion-person-icon-bottom personCard fusion-animated\" style=\"--awb-pic-style-color:#000000;--awb-pic-borderradius:10px;--awb-margin-top:20px;--awb-margin-right:0px;--awb-margin-bottom:20px;--awb-margin-left:0px;--awb-margin-top-small:20px;--awb-margin-bottom-small:20px;--awb-social-box-border-top:0px;--awb-social-box-border-right:0px;--awb-social-box-border-bottom:0px;--awb-social-box-border-left:0px;--awb-social-box-border-color:var(--awb-color3);--awb-social-box-border-color-hover:var(--awb-color4);--awb-social-box-colors-hover:var(--awb-custom13);--awb-social-icon-boxed-colors:var(--awb-custom13);--awb-social-icon-colors:#134069;--awb-social-icon-colors-hover:var(--awb-color5);\" data-animationType=\"slideInUp\" data-animationDuration=\"0.8\" data-animationOffset=\"top-into-view\"><div class=\"person-shortcode-image-wrapper\"><div class=\"person-image-container hover-type-zoomin person-rounded-overflow\" style=\"-webkit-border-radius:10px;-moz-border-radius:10px;border-radius:10px;border:0px solid #e2e2e2;-webkit-border-radius:10px;-moz-border-radius:10px;border-radius:10px;\"><img decoding=\"async\" class=\"lazyload person-img img-responsive wp-image-5723\" width=\"250\" height=\"250\" src=\"https:\/\/exploremessinia.com\/wp-content\/uploads\/2022\/06\/katerina.jpg\" data-orig-src=\"https:\/\/expmesprod.wpengine.com\/wp-content\/uploads\/2022\/06\/katerina.jpg\" alt=\"Katerina\" srcset=\"data:image\/svg+xml,%3Csvg%20xmlns%3D%27http%3A%2F%2Fwww.w3.org%2F2000%2Fsvg%27%20width%3D%27250%27%20height%3D%27250%27%20viewBox%3D%270%200%20250%20250%27%3E%3Crect%20width%3D%27250%27%20height%3D%27250%27%20fill-opacity%3D%220%22%2F%3E%3C%2Fsvg%3E\" data-srcset=\"https:\/\/exploremessinia.com\/wp-content\/uploads\/2022\/06\/katerina-200x200.jpg 200w, https:\/\/exploremessinia.com\/wp-content\/uploads\/2022\/06\/katerina.jpg 250w\" data-sizes=\"auto\" data-orig-sizes=\"(max-width: 640px) 100vw, 250px\" \/><\/div><\/div><div class=\"person-desc\"><div class=\"person-author\"><div class=\"person-author-wrapper\"><span class=\"person-name\">Katerina<\/span><span class=\"person-title\">Fondatrice<\/span><\/div><\/div><div class=\"person-content fusion-clearfix\">Quand elle n\u2019est pas sur le terrain, elle travaille en<br \/>\narri\u00e8re-plan pour concr\u00e9tiser la vision de l\u2019entreprise.<\/p>\n<p>&#8211; Prix de kayak de mer (British Canoeing)<\/div><div class=\"fusion-social-networks\"><div class=\"fusion-social-networks-wrapper\"><a class=\"fusion-social-network-icon fusion-tooltip fusion-facebook fa-facebook fab custom\" aria-label=\"fusion-facebook\" href=\"#\" target=\"_blank\" rel=\"noopener noreferrer\" style=\"color:#134069;font-size:20px;\" data-placement=\"top\" data-title=\"Facebook\" title=\"Facebook\" data-toggle=\"tooltip\"><\/a><a class=\"fusion-social-network-icon fusion-tooltip fusion-instagram fa-instagram fab custom\" aria-label=\"fusion-instagram\" href=\"#\" target=\"_blank\" rel=\"noopener noreferrer\" style=\"color:#134069;font-size:20px;\" data-placement=\"top\" data-title=\"Instagram\" title=\"Instagram\" data-toggle=\"tooltip\"><\/a><a class=\"fusion-social-network-icon fusion-tooltip fusion-linkedin fa-linkedin-in fab custom\" aria-label=\"fusion-linkedin\" href=\"#\" target=\"_blank\" rel=\"noopener noreferrer\" style=\"color:#134069;font-size:20px;\" data-placement=\"top\" data-title=\"LinkedIn\" title=\"LinkedIn\" data-toggle=\"tooltip\"><\/a><\/div><\/div><\/div><\/div><\/div><\/div><div class=\"fusion-layout-column fusion_builder_column fusion-builder-column-3 fusion_builder_column_1_2 1_2 fusion-flex-column\" style=\"--awb-bg-size:cover;--awb-width-large:50%;--awb-margin-top-large:0px;--awb-spacing-right-large:3.84%;--awb-margin-bottom-large:20px;--awb-spacing-left-large:3.84%;--awb-width-medium:50%;--awb-order-medium:0;--awb-spacing-right-medium:3.84%;--awb-spacing-left-medium:3.84%;--awb-width-small:100%;--awb-order-small:0;--awb-spacing-right-small:1.92%;--awb-spacing-left-small:1.92%;\"><div class=\"fusion-column-wrapper fusion-column-has-shadow fusion-flex-justify-content-space-evenly fusion-content-layout-column\"><div class=\"fusion-person person fusion-person-center fusion-person-2 fusion-person-icon-bottom personCard fusion-animated\" style=\"--awb-pic-style-color:#000000;--awb-pic-borderradius:10px;--awb-margin-top:20px;--awb-margin-right:0px;--awb-margin-bottom:20px;--awb-margin-left:0px;--awb-margin-top-small:20px;--awb-margin-bottom-small:20px;--awb-social-box-border-top:0px;--awb-social-box-border-right:0px;--awb-social-box-border-bottom:0px;--awb-social-box-border-left:0px;--awb-social-box-border-color:var(--awb-color3);--awb-social-box-border-color-hover:var(--awb-color4);--awb-social-box-colors-hover:var(--awb-custom13);--awb-social-icon-boxed-colors:var(--awb-custom13);--awb-social-icon-colors:#134069;--awb-social-icon-colors-hover:var(--awb-color5);\" data-animationType=\"slideInUp\" data-animationDuration=\"0.8\" data-animationOffset=\"top-into-view\"><div class=\"person-shortcode-image-wrapper\"><div class=\"person-image-container hover-type-zoomin person-rounded-overflow\" style=\"-webkit-border-radius:10px;-moz-border-radius:10px;border-radius:10px;border:0px solid #e2e2e2;-webkit-border-radius:10px;-moz-border-radius:10px;border-radius:10px;\"><img decoding=\"async\" class=\"lazyload person-img img-responsive wp-image-5710\" width=\"250\" height=\"250\" src=\"https:\/\/exploremessinia.com\/wp-content\/uploads\/2022\/06\/Trifonas.jpg\" data-orig-src=\"https:\/\/expmesprod.wpengine.com\/wp-content\/uploads\/2022\/06\/Trifonas.jpg\" alt=\"Trifonas\" srcset=\"data:image\/svg+xml,%3Csvg%20xmlns%3D%27http%3A%2F%2Fwww.w3.org%2F2000%2Fsvg%27%20width%3D%27250%27%20height%3D%27250%27%20viewBox%3D%270%200%20250%20250%27%3E%3Crect%20width%3D%27250%27%20height%3D%27250%27%20fill-opacity%3D%220%22%2F%3E%3C%2Fsvg%3E\" data-srcset=\"https:\/\/exploremessinia.com\/wp-content\/uploads\/2022\/06\/Trifonas-200x200.jpg 200w, https:\/\/exploremessinia.com\/wp-content\/uploads\/2022\/06\/Trifonas.jpg 250w\" data-sizes=\"auto\" data-orig-sizes=\"(max-width: 640px) 100vw, 250px\" \/><\/div><\/div><div class=\"person-desc\"><div class=\"person-author\"><div class=\"person-author-wrapper\"><span class=\"person-name\">Trifonas<\/span><span class=\"person-title\">Service client<\/span><\/div><\/div><div class=\"person-content fusion-clearfix\">Pr\u00eat \u00e0 r\u00e9pondre \u00e0 toutes tes questions et \u00e0 taider. Trouve-le maintenant dans la bulle \u00ab Chat en direct \u00bb. <\/p>\n<p>&#8211; Chef de montagne certifi\u00e9 (SAEK)<br \/>\n&#8211; Entra\u00eeneur de kayak de mer  chef d\u2019eau mod\u00e9r\u00e9e (British Canoeing)<br \/>\n&#8211; Chef de VTT certifi\u00e9 (HATEOA)<\/div><div class=\"fusion-social-networks\"><div class=\"fusion-social-networks-wrapper\"><a class=\"fusion-social-network-icon fusion-tooltip fusion-facebook fa-facebook fab custom\" aria-label=\"fusion-facebook\" href=\"#\" target=\"_blank\" rel=\"noopener noreferrer\" style=\"color:#134069;font-size:20px;\" data-placement=\"top\" data-title=\"Facebook\" title=\"Facebook\" data-toggle=\"tooltip\"><\/a><a class=\"fusion-social-network-icon fusion-tooltip fusion-instagram fa-instagram fab custom\" aria-label=\"fusion-instagram\" href=\"#\" target=\"_blank\" rel=\"noopener noreferrer\" style=\"color:#134069;font-size:20px;\" data-placement=\"top\" data-title=\"Instagram\" title=\"Instagram\" data-toggle=\"tooltip\"><\/a><a class=\"fusion-social-network-icon fusion-tooltip fusion-linkedin fa-linkedin-in fab custom\" aria-label=\"fusion-linkedin\" href=\"#\" target=\"_blank\" rel=\"noopener noreferrer\" style=\"color:#134069;font-size:20px;\" data-placement=\"top\" data-title=\"LinkedIn\" title=\"LinkedIn\" data-toggle=\"tooltip\"><\/a><\/div><\/div><\/div><\/div><\/div><\/div><div class=\"fusion-layout-column fusion_builder_column fusion-builder-column-4 fusion_builder_column_1_2 1_2 fusion-flex-column\" style=\"--awb-bg-size:cover;--awb-width-large:50%;--awb-margin-top-large:0px;--awb-spacing-right-large:3.84%;--awb-margin-bottom-large:20px;--awb-spacing-left-large:3.84%;--awb-width-medium:50%;--awb-order-medium:0;--awb-spacing-right-medium:3.84%;--awb-spacing-left-medium:3.84%;--awb-width-small:100%;--awb-order-small:0;--awb-spacing-right-small:1.92%;--awb-spacing-left-small:1.92%;\"><div class=\"fusion-column-wrapper fusion-column-has-shadow fusion-flex-justify-content-flex-start fusion-content-layout-column\"><div class=\"fusion-person person fusion-person-center fusion-person-3 fusion-person-icon-bottom personCard fusion-animated\" style=\"--awb-pic-style-color:#000000;--awb-pic-borderradius:10px;--awb-margin-top:20px;--awb-margin-right:0px;--awb-margin-bottom:20px;--awb-margin-left:0px;--awb-margin-top-small:20px;--awb-margin-bottom-small:20px;--awb-social-box-border-top:0px;--awb-social-box-border-right:0px;--awb-social-box-border-bottom:0px;--awb-social-box-border-left:0px;--awb-social-box-border-color:var(--awb-color3);--awb-social-box-border-color-hover:var(--awb-color4);--awb-social-box-colors-hover:var(--awb-custom13);--awb-social-icon-boxed-colors:var(--awb-custom13);--awb-social-icon-colors:#134069;--awb-social-icon-colors-hover:var(--awb-color5);\" data-animationType=\"slideInUp\" data-animationDuration=\"0.8\" data-animationOffset=\"top-into-view\"><div class=\"person-shortcode-image-wrapper\"><div class=\"person-image-container hover-type-zoomin person-rounded-overflow\" style=\"-webkit-border-radius:10px;-moz-border-radius:10px;border-radius:10px;border:0px solid #e2e2e2;-webkit-border-radius:10px;-moz-border-radius:10px;border-radius:10px;\"><img decoding=\"async\" class=\"lazyload person-img img-responsive wp-image-5712\" width=\"250\" height=\"250\" src=\"https:\/\/exploremessinia.com\/wp-content\/uploads\/2022\/06\/George.jpg\" data-orig-src=\"https:\/\/expmesprod.wpengine.com\/wp-content\/uploads\/2022\/06\/George.jpg\" alt=\"George\" srcset=\"data:image\/svg+xml,%3Csvg%20xmlns%3D%27http%3A%2F%2Fwww.w3.org%2F2000%2Fsvg%27%20width%3D%27250%27%20height%3D%27250%27%20viewBox%3D%270%200%20250%20250%27%3E%3Crect%20width%3D%27250%27%20height%3D%27250%27%20fill-opacity%3D%220%22%2F%3E%3C%2Fsvg%3E\" data-srcset=\"https:\/\/exploremessinia.com\/wp-content\/uploads\/2022\/06\/George-200x200.jpg 200w, https:\/\/exploremessinia.com\/wp-content\/uploads\/2022\/06\/George.jpg 250w\" data-sizes=\"auto\" data-orig-sizes=\"(max-width: 640px) 100vw, 250px\" \/><\/div><\/div><div class=\"person-desc\"><div class=\"person-author\"><div class=\"person-author-wrapper\"><span class=\"person-name\">George<\/span><span class=\"person-title\">Op\u00e9rations nautiques<\/span><\/div><\/div><div class=\"person-content fusion-clearfix\">Guide principal des activit\u00e9s nautiques et connaisseur de la pagaie, pr\u00eat \u00e0 explorer avec toi !<\/p>\n<p>&#8211; Chef de kayak de mer avanc\u00e9 (British Canoeing)<br \/>\n&#8211; Entra\u00eeneur de kayak de mer en eau avanc\u00e9e (British Canoeing)<br \/>\n&#8211; \u00c9valuateur HATEOA pour la formation en kayak de mer<br \/>\n&#8211; Chef de VTT certifi\u00e9 (HATEOA)<\/div><div class=\"fusion-social-networks\"><div class=\"fusion-social-networks-wrapper\"><a class=\"fusion-social-network-icon fusion-tooltip fusion-facebook fa-facebook fab custom\" aria-label=\"fusion-facebook\" href=\"#\" target=\"_blank\" rel=\"noopener noreferrer\" style=\"color:#134069;font-size:20px;\" data-placement=\"top\" data-title=\"Facebook\" title=\"Facebook\" data-toggle=\"tooltip\"><\/a><a class=\"fusion-social-network-icon fusion-tooltip fusion-instagram fa-instagram fab custom\" aria-label=\"fusion-instagram\" href=\"#\" target=\"_blank\" rel=\"noopener noreferrer\" style=\"color:#134069;font-size:20px;\" data-placement=\"top\" data-title=\"Instagram\" title=\"Instagram\" data-toggle=\"tooltip\"><\/a><a class=\"fusion-social-network-icon fusion-tooltip fusion-linkedin fa-linkedin-in fab custom\" aria-label=\"fusion-linkedin\" href=\"#\" target=\"_blank\" rel=\"noopener noreferrer\" style=\"color:#134069;font-size:20px;\" data-placement=\"top\" data-title=\"LinkedIn\" title=\"LinkedIn\" data-toggle=\"tooltip\"><\/a><\/div><\/div><\/div><\/div><\/div><\/div><div class=\"fusion-layout-column fusion_builder_column fusion-builder-column-5 fusion_builder_column_1_2 1_2 fusion-flex-column\" style=\"--awb-bg-size:cover;--awb-width-large:50%;--awb-margin-top-large:0px;--awb-spacing-right-large:3.84%;--awb-margin-bottom-large:20px;--awb-spacing-left-large:3.84%;--awb-width-medium:50%;--awb-order-medium:0;--awb-spacing-right-medium:3.84%;--awb-spacing-left-medium:3.84%;--awb-width-small:100%;--awb-order-small:0;--awb-spacing-right-small:1.92%;--awb-spacing-left-small:1.92%;\"><div class=\"fusion-column-wrapper fusion-column-has-shadow fusion-flex-justify-content-flex-start fusion-content-layout-column\"><div class=\"fusion-person person fusion-person-center fusion-person-4 fusion-person-icon-bottom personCard fusion-animated\" style=\"--awb-pic-style-color:#000000;--awb-pic-borderradius:10px;--awb-margin-top:20px;--awb-margin-right:0px;--awb-margin-bottom:20px;--awb-margin-left:0px;--awb-margin-top-small:20px;--awb-margin-bottom-small:20px;--awb-social-box-border-top:0px;--awb-social-box-border-right:0px;--awb-social-box-border-bottom:0px;--awb-social-box-border-left:0px;--awb-social-box-border-color:var(--awb-color3);--awb-social-box-border-color-hover:var(--awb-color4);--awb-social-box-colors-hover:var(--awb-custom13);--awb-social-icon-boxed-colors:var(--awb-custom13);--awb-social-icon-colors:#134069;--awb-social-icon-colors-hover:var(--awb-color5);\" data-animationType=\"slideInUp\" data-animationDuration=\"0.8\" data-animationOffset=\"top-into-view\"><div class=\"person-shortcode-image-wrapper\"><div class=\"person-image-container hover-type-zoomin person-rounded-overflow\" style=\"-webkit-border-radius:10px;-moz-border-radius:10px;border-radius:10px;border:0px solid #e2e2e2;-webkit-border-radius:10px;-moz-border-radius:10px;border-radius:10px;\"><img decoding=\"async\" class=\"lazyload person-img img-responsive wp-image-5724\" width=\"250\" height=\"250\" src=\"https:\/\/exploremessinia.com\/wp-content\/uploads\/2022\/06\/Fotis.jpg\" data-orig-src=\"https:\/\/expmesprod.wpengine.com\/wp-content\/uploads\/2022\/06\/Fotis.jpg\" alt=\"Fotis\" srcset=\"data:image\/svg+xml,%3Csvg%20xmlns%3D%27http%3A%2F%2Fwww.w3.org%2F2000%2Fsvg%27%20width%3D%27250%27%20height%3D%27250%27%20viewBox%3D%270%200%20250%20250%27%3E%3Crect%20width%3D%27250%27%20height%3D%27250%27%20fill-opacity%3D%220%22%2F%3E%3C%2Fsvg%3E\" data-srcset=\"https:\/\/exploremessinia.com\/wp-content\/uploads\/2022\/06\/Fotis-200x200.jpg 200w, https:\/\/exploremessinia.com\/wp-content\/uploads\/2022\/06\/Fotis.jpg 250w\" data-sizes=\"auto\" data-orig-sizes=\"(max-width: 640px) 100vw, 250px\" \/><\/div><\/div><div class=\"person-desc\"><div class=\"person-author\"><div class=\"person-author-wrapper\"><span class=\"person-name\">Fotis<\/span><span class=\"person-title\">Op\u00e9rations terrestres<\/span><\/div><\/div><div class=\"person-content fusion-clearfix\">Homme \u00e0 tout faire en plein air, tu le trouveras en montagne ou au fond des gorges.<\/p>\n<p>&#8211; Chef de montagne certifi\u00e9 (SAEK)<br \/>\n&#8211; Comp\u00e9tence technique avanc\u00e9e en canyoning &#8211; SFP2 (FFS)<br \/>\n&#8211; Entra\u00eeneur de kayak de mer  chef d\u2019eau mod\u00e9r\u00e9e (British Canoeing)<br \/>\n&#8211; Chef de VTT certifi\u00e9 (HATEOA)<\/div><div class=\"fusion-social-networks\"><div class=\"fusion-social-networks-wrapper\"><a class=\"fusion-social-network-icon fusion-tooltip fusion-facebook fa-facebook fab custom\" aria-label=\"fusion-facebook\" href=\"#\" target=\"_blank\" rel=\"noopener noreferrer\" style=\"color:#134069;font-size:20px;\" data-placement=\"top\" data-title=\"Facebook\" title=\"Facebook\" data-toggle=\"tooltip\"><\/a><a class=\"fusion-social-network-icon fusion-tooltip fusion-instagram fa-instagram fab custom\" aria-label=\"fusion-instagram\" href=\"#\" target=\"_blank\" rel=\"noopener noreferrer\" style=\"color:#134069;font-size:20px;\" data-placement=\"top\" data-title=\"Instagram\" title=\"Instagram\" data-toggle=\"tooltip\"><\/a><a class=\"fusion-social-network-icon fusion-tooltip fusion-linkedin fa-linkedin-in fab custom\" aria-label=\"fusion-linkedin\" href=\"#\" target=\"_blank\" rel=\"noopener noreferrer\" style=\"color:#134069;font-size:20px;\" data-placement=\"top\" data-title=\"LinkedIn\" title=\"LinkedIn\" data-toggle=\"tooltip\"><\/a><\/div><\/div><\/div><\/div><\/div><\/div><\/div><\/div><\/p>\n","protected":false},"excerpt":{"rendered":"","protected":false},"author":8,"featured_media":3529,"parent":0,"menu_order":90,"comment_status":"closed","ping_status":"closed","template":"100-width.php","meta":{"_acf_changed":false,"inline_featured_image":false,"footnotes":""},"class_list":["post-3524","page","type-page","status-publish","has-post-thumbnail","hentry"],"acf":[],"featured_image_src":"https:\/\/exploremessinia.com\/wp-content\/uploads\/2022\/12\/Hiking-Gialova-and-Voidokoilia-Paleokastro-600x400.jpg","featured_image_src_square":"https:\/\/exploremessinia.com\/wp-content\/uploads\/2022\/12\/Hiking-Gialova-and-Voidokoilia-Paleokastro-600x600.jpg","_links":{"self":[{"href":"https:\/\/exploremessinia.com\/fr\/wp-json\/wp\/v2\/pages\/3524","targetHints":{"allow":["GET"]}}],"collection":[{"href":"https:\/\/exploremessinia.com\/fr\/wp-json\/wp\/v2\/pages"}],"about":[{"href":"https:\/\/exploremessinia.com\/fr\/wp-json\/wp\/v2\/types\/page"}],"author":[{"embeddable":true,"href":"https:\/\/exploremessinia.com\/fr\/wp-json\/wp\/v2\/users\/8"}],"replies":[{"embeddable":true,"href":"https:\/\/exploremessinia.com\/fr\/wp-json\/wp\/v2\/comments?post=3524"}],"version-history":[{"count":0,"href":"https:\/\/exploremessinia.com\/fr\/wp-json\/wp\/v2\/pages\/3524\/revisions"}],"wp:featuredmedia":[{"embeddable":true,"href":"https:\/\/exploremessinia.com\/fr\/wp-json\/wp\/v2\/media\/3529"}],"wp:attachment":[{"href":"https:\/\/exploremessinia.com\/fr\/wp-json\/wp\/v2\/media?parent=3524"}],"curies":[{"name":"wp","href":"https:\/\/api.w.org\/{rel}","templated":true}]}}