{"id":3683,"date":"2022-04-19T21:52:50","date_gmt":"2022-04-19T19:52:50","guid":{"rendered":"https:\/\/exploremesdev.wpengine.com\/canyoning\/"},"modified":"2026-03-18T00:25:13","modified_gmt":"2026-03-17T22:25:13","slug":"canyoning","status":"publish","type":"page","link":"https:\/\/exploremessinia.com\/fr\/canyoning\/","title":{"rendered":"CANYONING"},"content":{"rendered":"<p><div class=\"fusion-bg-parallax\" data-bg-align=\"left center\" data-direction=\"down\" data-mute=\"false\" data-opacity=\"100\" data-velocity=\"-0.3\" data-mobile-enabled=\"false\" data-break_parents=\"0\" data-bg-image=\"https:\/\/expmesprod.wpengine.com\/wp-content\/uploads\/2022\/03\/Neda-River18.jpg\" data-bg-repeat=\"false\" data-bg-color=\"rgba(104,104,104,0.7)\" data-blend-mode=\"multiply\" ><\/div><div class=\"fusion-fullwidth fullwidth-box fusion-builder-row-1 fusion-flex-container has-pattern-background has-mask-background fusion-parallax-down hundred-percent-fullwidth non-hundred-percent-height-scrolling lazyload\" style=\"--link_hover_color: #fa9769;--awb-background-position:left center;--awb-background-blend-mode:multiply;--awb-border-sizes-top:40px;--awb-border-sizes-bottom:40px;--awb-border-sizes-left:40px;--awb-border-sizes-right:40px;--awb-border-color:#ffffff;--awb-border-radius-top-left:80px;--awb-border-radius-top-right:80px;--awb-border-radius-bottom-right:80px;--awb-border-radius-bottom-left:80px;--awb-overflow:hidden;--awb-padding-top:40px;--awb-padding-right:40px;--awb-padding-bottom:40px;--awb-padding-left:40px;--awb-margin-top:0px;--awb-margin-bottom:50px;--awb-margin-bottom-medium:40px;--awb-margin-bottom-small:30px;--awb-background-color:rgba(104,104,104,0.7);--awb-background-size:cover;--awb-flex-wrap:wrap;\" data-bg=\"https:\/\/expmesprod.wpengine.com\/wp-content\/uploads\/2022\/03\/Neda-River18.jpg\" ><div class=\"fusion-builder-row fusion-row fusion-flex-align-items-flex-start fusion-flex-justify-content-center fusion-flex-content-wrap\" style=\"width:104% !important;max-width:104% !important;margin-left: calc(-4% \/ 2 );margin-right: calc(-4% \/ 2 );\"><div class=\"fusion-layout-column fusion_builder_column fusion-builder-column-0 fusion-flex-column fusion-animated\" style=\"--awb-padding-bottom-medium:0px;--awb-bg-size:cover;--awb-width-large:40%;--awb-margin-top-large:0px;--awb-spacing-right-large:4.8%;--awb-margin-bottom-large:0px;--awb-spacing-left-large:4.8%;--awb-width-medium:100%;--awb-order-medium:0;--awb-spacing-right-medium:1.92%;--awb-margin-bottom-medium:60px;--awb-spacing-left-medium:1.92%;--awb-width-small:100%;--awb-order-small:0;--awb-spacing-right-small:1.92%;--awb-spacing-left-small:1.92%;\" data-animationType=\"fadeInUp\" data-animationDuration=\"1.3\" data-animationOffset=\"top-into-view\"><div class=\"fusion-column-wrapper fusion-column-has-shadow fusion-flex-justify-content-flex-start fusion-content-layout-row\"><div class=\"fusion-title title fusion-title-1 fusion-sep-none fusion-title-text fusion-title-size-one fusion-animated\" style=\"--awb-text-color:#ffffff;--awb-margin-top:0px;--awb-margin-bottom:40px;--awb-margin-top-small:30px;--awb-margin-right-small:0px;--awb-margin-bottom-small:30px;--awb-margin-left-small:0px;--awb-sep-color:#d1d1d1;--awb-font-size:60px;\" data-animationType=\"slideInLeft\" data-animationDuration=\"0.4\" data-animationDelay=\"0.2\" data-animationOffset=\"top-into-view\"><h1 class=\"fusion-title-heading title-heading-left md-text-align-center sm-text-align-center fusion-responsive-typography-calculated\" style=\"margin:0;letter-spacing:3px;font-size:1em;--fontSize:60;line-height:1.2;\">CANYONING<\/h1><\/div><div class=\"fusion-title title fusion-title-2 fusion-sep-none fusion-title-text fusion-title-size-two fusion-animated\" style=\"--awb-text-color:#ffffff;--awb-margin-top:0px;--awb-margin-bottom:40px;--awb-margin-top-small:30px;--awb-margin-right-small:0px;--awb-margin-bottom-small:30px;--awb-margin-left-small:0px;--awb-sep-color:#d1d1d1;--awb-font-size:35px;\" data-animationType=\"slideInRight\" data-animationDuration=\"0.5\" data-animationDelay=\"0.4\" data-animationOffset=\"top-into-view\"><h2 class=\"fusion-title-heading title-heading-left md-text-align-center fusion-responsive-typography-calculated\" style=\"margin:0;letter-spacing:0px;text-transform:var(--awb-typography1-text-transform);font-size:1em;--fontSize:35;line-height:1.8;\"><p data-path-to-node=\"7,0\">Excursions de canyoning en Gr\u00e8ce<br \/>\nPlonge dans le paradis<\/p><\/h2><\/div><div class=\"fusion-text fusion-text-1 fusion-no-small-visibility fusion-text-no-margin\" style=\"--awb-font-size:22px;--awb-line-height:1.7;--awb-letter-spacing:0px;--awb-text-transform:var(--awb-typography4-text-transform);--awb-text-color:#ffffff;--awb-margin-top:0px;--awb-margin-bottom:50px;\"><p data-path-to-node=\"9,0\">Tu cherches une aventure unique et <a href=\"https:\/\/exploremessinia.com\/blog\/adventure\/canyoning-peloponnese-adventure-guide\/\" target=\"_blank\" rel=\"noopener\">palpitante dans le P\u00e9loponn\u00e8se<\/a> ? Nos tours de canyoning guid\u00e9s en Gr\u00e8ce sont une exp\u00e9rience incontournable. Nos guides experts te m\u00e8neront \u00e0 travers une beaut\u00e9 naturelle pr\u00e9serv\u00e9e, naviguant entre cascades, toboggans et \u00e9tangs secrets d\u2019\u00e9meraude aux eaux cristallines.  <\/p>\n<p data-path-to-node=\"9,1\">Que ce soit ta premi\u00e8re fois ou que tu sois un explorateur aguerri, nous fournissons tout l\u00e9quipement et le soutien professionnel pour que ton excursion de canyoning soit inoubliable, s\u00fbre et super amusante. R\u00e9serve maintenant et pr\u00e9pare-toi pour laventure de ta vie ! <\/p>\n<\/div><\/div><\/div><\/div><\/div><div class=\"fusion-fullwidth fullwidth-box fusion-builder-row-2 fusion-flex-container has-pattern-background has-mask-background nonhundred-percent-fullwidth non-hundred-percent-height-scrolling\" style=\"--awb-border-radius-top-left:0px;--awb-border-radius-top-right:0px;--awb-border-radius-bottom-right:0px;--awb-border-radius-bottom-left:0px;--awb-flex-wrap:wrap;\" ><div class=\"fusion-builder-row fusion-row fusion-flex-align-items-flex-start fusion-flex-content-wrap\" style=\"max-width:1596px;margin-left: calc(-33% \/ 2 );margin-right: calc(-33% \/ 2 );\"><div class=\"fusion-layout-column fusion_builder_column fusion-builder-column-1 fusion_builder_column_1_1 1_1 fusion-flex-column\" style=\"--awb-bg-size:cover;--awb-width-large:100%;--awb-margin-top-large:0px;--awb-spacing-right-large:11.055%;--awb-margin-bottom-large:20px;--awb-spacing-left-large:11.055%;--awb-width-medium:100%;--awb-order-medium:0;--awb-spacing-right-medium:11.055%;--awb-spacing-left-medium:11.055%;--awb-width-small:100%;--awb-order-small:0;--awb-spacing-right-small:11.055%;--awb-spacing-left-small:11.055%;\"><div class=\"fusion-column-wrapper fusion-column-has-shadow fusion-flex-justify-content-flex-start fusion-content-layout-column\"><div class=\"fusion-post-cards fusion-post-cards-1 fusion-grid-archive fusion-grid-columns-3\" style=\"--awb-dots-align:center;--awb-columns:3;--awb-active-filter-border-size:3px;--awb-filters-height:36px;--awb-margin-right:0px;--awb-margin-left:0px;\" data-post-type-label=\"outdoor activities\"><ul class=\"fusion-grid fusion-grid-3 fusion-flex-align-items-flex-start fusion-grid-posts-cards\"><li class=\"fusion-layout-column fusion_builder_column fusion-builder-column-2 fusion-flex-column fusion-column-inner-bg-wrapper fusion-animated activitiesPostCards post-card fusion-grid-column fusion-post-cards-grid-column\" style=\"--awb-overflow:hidden;--awb-inner-bg-color:#134069;--awb-inner-bg-color-hover:#134069;--awb-inner-bg-blend:overlay;--awb-inner-bg-size:cover;--awb-border-radius:15px 15px 15px 15px;--awb-inner-bg-border-radius:15px 15px 15px 15px;--awb-inner-bg-overflow:hidden;--awb-filter:saturate(100%) brightness(100%) contrast(100%);--awb-filter-transition:filter 0.3s ease;--awb-filter-hover:saturate(110%) brightness(110%) contrast(110%);--awb-flex-grow:500px;--awb-flex-shrink:200px;--awb-flex-grow-medium:0;--awb-flex-shrink-medium:0;--awb-flex-grow-small:0;--awb-flex-shrink-small:0;\" data-animationType=\"zoomIn\" data-animationDuration=\"0.3\" data-animationOffset=\"top-into-view\"><span class=\"fusion-column-inner-bg hover-type-zoomin\"><a class=\"fusion-column-anchor\" href=\"https:\/\/exploremessinia.com\/fr\/riviere\/canyoning-aux-cascades-de-la-neda\/\"><span class=\"fusion-column-inner-bg-image\"><\/span><\/a><\/span><div class=\"fusion-column-wrapper fusion-column-has-shadow fusion-flex-justify-content-flex-start fusion-content-layout-column\"><div class=\"fusion-image-element \" style=\"--awb-caption-title-font-family:var(--h2_typography-font-family);--awb-caption-title-font-weight:var(--h2_typography-font-weight);--awb-caption-title-font-style:var(--h2_typography-font-style);--awb-caption-title-size:var(--h2_typography-font-size);--awb-caption-title-transform:var(--h2_typography-text-transform);--awb-caption-title-line-height:var(--h2_typography-line-height);--awb-caption-title-letter-spacing:var(--h2_typography-letter-spacing);\"><span class=\" fusion-imageframe imageframe-none imageframe-1 hover-type-none\"><img decoding=\"async\" width=\"1200\" height=\"810\" alt=\"Canyoning en Gr\u00e8ce avec un guide sautant dans les cascades turquoise de la rivi\u00e8re Neda.\" title=\"Canyoning-en-Gr\u00e8ce-Saut-Cascade-Neda\" src=\"https:\/\/exploremessinia.com\/wp-content\/uploads\/2022\/03\/Canyoning-Neda2-1.jpg\" data-orig-src=\"https:\/\/exploremessinia.com\/wp-content\/uploads\/2022\/03\/Canyoning-Neda2-1.jpg\" class=\"lazyload img-responsive wp-image-4622\" srcset=\"data:image\/svg+xml,%3Csvg%20xmlns%3D%27http%3A%2F%2Fwww.w3.org%2F2000%2Fsvg%27%20width%3D%271200%27%20height%3D%27810%27%20viewBox%3D%270%200%201200%20810%27%3E%3Crect%20width%3D%271200%27%20height%3D%27810%27%20fill-opacity%3D%220%22%2F%3E%3C%2Fsvg%3E\" data-srcset=\"https:\/\/exploremessinia.com\/wp-content\/uploads\/2022\/03\/Canyoning-Neda2-1-200x135.jpg 200w, https:\/\/exploremessinia.com\/wp-content\/uploads\/2022\/03\/Canyoning-Neda2-1-400x270.jpg 400w, https:\/\/exploremessinia.com\/wp-content\/uploads\/2022\/03\/Canyoning-Neda2-1-600x405.jpg 600w, https:\/\/exploremessinia.com\/wp-content\/uploads\/2022\/03\/Canyoning-Neda2-1-800x540.jpg 800w, https:\/\/exploremessinia.com\/wp-content\/uploads\/2022\/03\/Canyoning-Neda2-1.jpg 1200w\" data-sizes=\"auto\" data-orig-sizes=\"(max-width: 640px) 100vw, 1200px\" \/><\/span><\/div><div class=\"fusion-title title fusion-title-3 fusion-sep-none fusion-title-center fusion-title-text fusion-title-size-three\" style=\"--awb-text-color:#ffffff;--awb-margin-top:20px;--awb-margin-right:15px;--awb-margin-bottom:20px;--awb-margin-left:15px;--awb-margin-top-small:10px;--awb-margin-right-small:0px;--awb-margin-bottom-small:10px;--awb-margin-left-small:0px;--awb-link-color:#ffffff;--awb-link-hover-color:var(--awb-color1);--awb-font-size:24px;\"><h3 class=\"fusion-title-heading title-heading-center fusion-responsive-typography-calculated\" style=\"font-family:&quot;Geologica&quot;;font-style:normal;font-weight:400;margin:0;letter-spacing:-0.012em;font-size:1em;--fontSize:24;line-height:1.6;\"><a href=\"https:\/\/exploremessinia.com\/fr\/riviere\/canyoning-aux-cascades-de-la-neda\/\" class=\"awb-custom-text-color awb-custom-text-hover-color\" target=\"_self\">Canyoning <br>aux cascades de la Neda<\/a><\/h3><\/div><div class=\"fusion-title title fusion-title-4 fusion-sep-none fusion-title-text fusion-title-size-div\" style=\"--awb-text-color:#ffffff;--awb-margin-right:15px;--awb-margin-bottom:20px;--awb-margin-left:20px;--awb-margin-top-small:10px;--awb-margin-right-small:10px;--awb-margin-bottom-small:10px;--awb-margin-left-small:10px;--awb-margin-right-medium:10px;--awb-margin-bottom-medium:20px;--awb-margin-left-medium:10px;--awb-link-color:#ffffff;--awb-link-hover-color:#ffffff;--awb-font-size:var(--awb-typography4-font-size);\"><div class=\"fusion-title-heading title-heading-left title-heading-tag fusion-responsive-typography-calculated\" style=\"font-family:var(--awb-typography4-font-family);font-weight:var(--awb-typography4-font-weight);font-style:var(--awb-typography4-font-style);margin:0;letter-spacing:var(--awb-typography4-letter-spacing);text-transform:var(--awb-typography4-text-transform);font-size:1em;--fontSize:16;line-height:var(--awb-typography4-line-height);\"><a href=\"https:\/\/exploremessinia.com\/fr\/riviere\/canyoning-aux-cascades-de-la-neda\/\" class=\"awb-custom-text-color awb-custom-text-hover-color\" target=\"_self\">Une sortie canyoning avec d\u00e9jeuner dans la merveille naturelle des gorges de la Neda, parfaite pour les d\u00e9butants.<\/a><\/div><\/div><div class=\"fusion-text fusion-text-2\" style=\"--awb-content-alignment:left;--awb-font-size:var(--awb-typography4-font-size);--awb-line-height:var(--awb-typography4-line-height);--awb-letter-spacing:var(--awb-typography4-letter-spacing);--awb-text-transform:var(--awb-typography4-text-transform);--awb-text-color:#e7e5e3;--awb-margin-left:20px;--awb-text-font-family:var(--awb-typography4-font-family);--awb-text-font-weight:var(--awb-typography4-font-weight);--awb-text-font-style:var(--awb-typography4-font-style);\"><p><i class=\"fa-clock far\"><\/i>   4 heures<\/p>\n<\/div><div class=\"fusion-text fusion-text-3 priceTag\" style=\"--awb-content-alignment:left;--awb-text-transform:none;--awb-text-color:#e7e5e3;--awb-margin-left:20px;--awb-text-font-family:var(--awb-typography4-font-family);--awb-text-font-weight:var(--awb-typography4-font-weight);--awb-text-font-style:var(--awb-typography4-font-style);\"><p><i class=\"fa-money-check fas\"><\/i>   \u00c0 partir de 75 \u20ac<\/p>\n<\/div><div class=\"fusion-separator fusion-full-width-sep\" style=\"align-self: center;margin-left: auto;margin-right: auto;margin-top:5px;margin-bottom:5px;width:100%;\"><\/div><div style=\"text-align:center;\"><a class=\"fusion-button button-flat fusion-button-default-size button-default fusion-button-default button-1 fusion-button-default-span morebtnTrip\" style=\"--button-border-radius-top-left:0px;--button-border-radius-top-right:0px;--button-border-radius-bottom-right:0px;--button-border-radius-bottom-left:0px;--button_font_size:18px;--button_typography-font-family:&quot;Geologica&quot;;--button_typography-font-style:normal;--button_typography-font-weight:400;\" target=\"_self\" title=\"Canyoning &lt;br&gt;aux cascades de la Neda\" aria-label=\"Canyoning &lt;br&gt;aux cascades de la Neda\" href=\"https:\/\/exploremessinia.com\/fr\/riviere\/canyoning-aux-cascades-de-la-neda\/\"><span class=\"fusion-button-text awb-button__text awb-button__text--default\">Book Now<\/span><\/a><\/div><\/div><\/li>\n<li class=\"fusion-layout-column fusion_builder_column fusion-builder-column-3 fusion-flex-column fusion-column-inner-bg-wrapper fusion-animated activitiesPostCards post-card fusion-grid-column fusion-post-cards-grid-column\" style=\"--awb-overflow:hidden;--awb-inner-bg-color:#134069;--awb-inner-bg-color-hover:#134069;--awb-inner-bg-blend:overlay;--awb-inner-bg-size:cover;--awb-border-radius:15px 15px 15px 15px;--awb-inner-bg-border-radius:15px 15px 15px 15px;--awb-inner-bg-overflow:hidden;--awb-filter:saturate(100%) brightness(100%) contrast(100%);--awb-filter-transition:filter 0.3s ease;--awb-filter-hover:saturate(110%) brightness(110%) contrast(110%);--awb-flex-grow:500px;--awb-flex-shrink:200px;--awb-flex-grow-medium:0;--awb-flex-shrink-medium:0;--awb-flex-grow-small:0;--awb-flex-shrink-small:0;\" data-animationType=\"zoomIn\" data-animationDuration=\"0.3\" data-animationOffset=\"top-into-view\"><span class=\"fusion-column-inner-bg hover-type-zoomin\"><a class=\"fusion-column-anchor\" href=\"https:\/\/exploremessinia.com\/fr\/riviere\/canyoning-tyrolienne-cascades-de-polylimnio\/\"><span class=\"fusion-column-inner-bg-image\"><\/span><\/a><\/span><div class=\"fusion-column-wrapper fusion-column-has-shadow fusion-flex-justify-content-flex-start fusion-content-layout-column\"><div class=\"fusion-image-element \" style=\"--awb-caption-title-font-family:var(--h2_typography-font-family);--awb-caption-title-font-weight:var(--h2_typography-font-weight);--awb-caption-title-font-style:var(--h2_typography-font-style);--awb-caption-title-size:var(--h2_typography-font-size);--awb-caption-title-transform:var(--h2_typography-text-transform);--awb-caption-title-line-height:var(--h2_typography-line-height);--awb-caption-title-letter-spacing:var(--h2_typography-letter-spacing);\"><span class=\" fusion-imageframe imageframe-none imageframe-2 hover-type-none\"><img decoding=\"async\" width=\"1200\" height=\"750\" alt=\"Femme faisant de la tyrolienne pendant l\u2019excursion de Canyoning aux Cascades de Polylimnio\" title=\"polylimnio-waterfalls-canyoning-tour\" src=\"https:\/\/exploremessinia.com\/wp-content\/uploads\/2024\/02\/Explore-Messinia-Canyoning-Polilimnio-.jpg\" data-orig-src=\"https:\/\/exploremessinia.com\/wp-content\/uploads\/2024\/02\/Explore-Messinia-Canyoning-Polilimnio-.jpg\" class=\"lazyload img-responsive wp-image-5375\" srcset=\"data:image\/svg+xml,%3Csvg%20xmlns%3D%27http%3A%2F%2Fwww.w3.org%2F2000%2Fsvg%27%20width%3D%271200%27%20height%3D%27750%27%20viewBox%3D%270%200%201200%20750%27%3E%3Crect%20width%3D%271200%27%20height%3D%27750%27%20fill-opacity%3D%220%22%2F%3E%3C%2Fsvg%3E\" data-srcset=\"https:\/\/exploremessinia.com\/wp-content\/uploads\/2024\/02\/Explore-Messinia-Canyoning-Polilimnio--200x125.jpg 200w, https:\/\/exploremessinia.com\/wp-content\/uploads\/2024\/02\/Explore-Messinia-Canyoning-Polilimnio--400x250.jpg 400w, https:\/\/exploremessinia.com\/wp-content\/uploads\/2024\/02\/Explore-Messinia-Canyoning-Polilimnio--600x375.jpg 600w, https:\/\/exploremessinia.com\/wp-content\/uploads\/2024\/02\/Explore-Messinia-Canyoning-Polilimnio--800x500.jpg 800w, https:\/\/exploremessinia.com\/wp-content\/uploads\/2024\/02\/Explore-Messinia-Canyoning-Polilimnio-.jpg 1200w\" data-sizes=\"auto\" data-orig-sizes=\"(max-width: 640px) 100vw, 1200px\" \/><\/span><\/div><div class=\"fusion-title title fusion-title-5 fusion-sep-none fusion-title-center fusion-title-text fusion-title-size-three\" style=\"--awb-text-color:#ffffff;--awb-margin-top:20px;--awb-margin-right:15px;--awb-margin-bottom:20px;--awb-margin-left:15px;--awb-margin-top-small:10px;--awb-margin-right-small:0px;--awb-margin-bottom-small:10px;--awb-margin-left-small:0px;--awb-link-color:#ffffff;--awb-link-hover-color:var(--awb-color1);--awb-font-size:24px;\"><h3 class=\"fusion-title-heading title-heading-center fusion-responsive-typography-calculated\" style=\"font-family:&quot;Geologica&quot;;font-style:normal;font-weight:400;margin:0;letter-spacing:-0.012em;font-size:1em;--fontSize:24;line-height:1.6;\"><a href=\"https:\/\/exploremessinia.com\/fr\/riviere\/canyoning-tyrolienne-cascades-de-polylimnio\/\" class=\"awb-custom-text-color awb-custom-text-hover-color\" target=\"_self\">Canyoning &amp; Tyrolienne <br>Cascades de Polylimnio<\/a><\/h3><\/div><div class=\"fusion-title title fusion-title-6 fusion-sep-none fusion-title-text fusion-title-size-div\" style=\"--awb-text-color:#ffffff;--awb-margin-right:15px;--awb-margin-bottom:20px;--awb-margin-left:20px;--awb-margin-top-small:10px;--awb-margin-right-small:10px;--awb-margin-bottom-small:10px;--awb-margin-left-small:10px;--awb-margin-right-medium:10px;--awb-margin-bottom-medium:20px;--awb-margin-left-medium:10px;--awb-link-color:#ffffff;--awb-link-hover-color:#ffffff;--awb-font-size:var(--awb-typography4-font-size);\"><div class=\"fusion-title-heading title-heading-left title-heading-tag fusion-responsive-typography-calculated\" style=\"font-family:var(--awb-typography4-font-family);font-weight:var(--awb-typography4-font-weight);font-style:var(--awb-typography4-font-style);margin:0;letter-spacing:var(--awb-typography4-letter-spacing);text-transform:var(--awb-typography4-text-transform);font-size:1em;--fontSize:16;line-height:var(--awb-typography4-line-height);\"><a href=\"https:\/\/exploremessinia.com\/fr\/riviere\/canyoning-tyrolienne-cascades-de-polylimnio\/\" class=\"awb-custom-text-color awb-custom-text-hover-color\" target=\"_self\">Une exp\u00e9rience de Canyoning &amp; Tyrolienne remarquable avec d\u00e9jeuner, adapt\u00e9e aux d\u00e9butants, id\u00e9ale pour les familles et les enfants.<\/a><\/div><\/div><div class=\"fusion-text fusion-text-4\" style=\"--awb-content-alignment:left;--awb-font-size:var(--awb-typography4-font-size);--awb-line-height:var(--awb-typography4-line-height);--awb-letter-spacing:var(--awb-typography4-letter-spacing);--awb-text-transform:var(--awb-typography4-text-transform);--awb-text-color:#e7e5e3;--awb-margin-left:20px;--awb-text-font-family:var(--awb-typography4-font-family);--awb-text-font-weight:var(--awb-typography4-font-weight);--awb-text-font-style:var(--awb-typography4-font-style);\"><p><i class=\"fa-clock far\"><\/i>   4 heures<\/p>\n<\/div><div class=\"fusion-text fusion-text-5 priceTag\" style=\"--awb-content-alignment:left;--awb-text-transform:none;--awb-text-color:#e7e5e3;--awb-margin-left:20px;--awb-text-font-family:var(--awb-typography4-font-family);--awb-text-font-weight:var(--awb-typography4-font-weight);--awb-text-font-style:var(--awb-typography4-font-style);\"><p><i class=\"fa-money-check fas\"><\/i>   \u00c0 partir de 65 \u20ac<\/p>\n<\/div><div class=\"fusion-separator fusion-full-width-sep\" style=\"align-self: center;margin-left: auto;margin-right: auto;margin-top:5px;margin-bottom:5px;width:100%;\"><\/div><div style=\"text-align:center;\"><a class=\"fusion-button button-flat fusion-button-default-size button-default fusion-button-default button-2 fusion-button-default-span morebtnTrip\" style=\"--button-border-radius-top-left:0px;--button-border-radius-top-right:0px;--button-border-radius-bottom-right:0px;--button-border-radius-bottom-left:0px;--button_font_size:18px;--button_typography-font-family:&quot;Geologica&quot;;--button_typography-font-style:normal;--button_typography-font-weight:400;\" target=\"_self\" title=\"Canyoning &amp; Tyrolienne &lt;br&gt;Cascades de Polylimnio\" aria-label=\"Canyoning &amp; Tyrolienne &lt;br&gt;Cascades de Polylimnio\" href=\"https:\/\/exploremessinia.com\/fr\/riviere\/canyoning-tyrolienne-cascades-de-polylimnio\/\"><span class=\"fusion-button-text awb-button__text awb-button__text--default\">Book Now<\/span><\/a><\/div><\/div><\/li>\n<\/ul><\/div><\/div><\/div><\/div><\/div><\/p>\n","protected":false},"excerpt":{"rendered":"","protected":false},"author":8,"featured_media":3525,"parent":0,"menu_order":112,"comment_status":"closed","ping_status":"closed","template":"100-width.php","meta":{"_acf_changed":false,"inline_featured_image":false,"footnotes":""},"class_list":["post-3683","page","type-page","status-publish","has-post-thumbnail","hentry"],"acf":[],"featured_image_src":"https:\/\/exploremessinia.com\/wp-content\/uploads\/2022\/03\/Canyoning-Neda2-600x400.jpg","featured_image_src_square":"https:\/\/exploremessinia.com\/wp-content\/uploads\/2022\/03\/Canyoning-Neda2-600x600.jpg","_links":{"self":[{"href":"https:\/\/exploremessinia.com\/fr\/wp-json\/wp\/v2\/pages\/3683","targetHints":{"allow":["GET"]}}],"collection":[{"href":"https:\/\/exploremessinia.com\/fr\/wp-json\/wp\/v2\/pages"}],"about":[{"href":"https:\/\/exploremessinia.com\/fr\/wp-json\/wp\/v2\/types\/page"}],"author":[{"embeddable":true,"href":"https:\/\/exploremessinia.com\/fr\/wp-json\/wp\/v2\/users\/8"}],"replies":[{"embeddable":true,"href":"https:\/\/exploremessinia.com\/fr\/wp-json\/wp\/v2\/comments?post=3683"}],"version-history":[{"count":0,"href":"https:\/\/exploremessinia.com\/fr\/wp-json\/wp\/v2\/pages\/3683\/revisions"}],"wp:featuredmedia":[{"embeddable":true,"href":"https:\/\/exploremessinia.com\/fr\/wp-json\/wp\/v2\/media\/3525"}],"wp:attachment":[{"href":"https:\/\/exploremessinia.com\/fr\/wp-json\/wp\/v2\/media?parent=3683"}],"curies":[{"name":"wp","href":"https:\/\/api.w.org\/{rel}","templated":true}]}}