{"id":3711,"date":"2023-03-06T14:32:27","date_gmt":"2023-03-06T12:32:27","guid":{"rendered":"https:\/\/exploremesdev.wpengine.com\/notre-mission\/"},"modified":"2026-03-18T00:27:05","modified_gmt":"2026-03-17T22:27:05","slug":"notre-mission","status":"publish","type":"page","link":"https:\/\/exploremessinia.com\/fr\/notre-mission\/","title":{"rendered":"NOTRE MISSION"},"content":{"rendered":"<p><div class=\"fusion-bg-parallax\" data-bg-align=\"center top\" data-direction=\"down\" data-mute=\"false\" data-opacity=\"100\" data-velocity=\"-0.3\" data-mobile-enabled=\"false\" data-break_parents=\"0\" data-bg-image=\"https:\/\/expmesprod.wpengine.com\/wp-content\/uploads\/2023\/03\/Our-Mission-scaled.jpg\" data-bg-repeat=\"false\" data-bg-color=\"rgba(104,104,104,0.7)\" data-blend-mode=\"multiply\" ><\/div><div class=\"fusion-fullwidth fullwidth-box fusion-builder-row-1 fusion-flex-container has-pattern-background has-mask-background fusion-parallax-down hundred-percent-fullwidth non-hundred-percent-height-scrolling lazyload\" style=\"--link_hover_color: #fa9769;--awb-background-position:center top;--awb-background-blend-mode:multiply;--awb-border-sizes-top:40px;--awb-border-sizes-bottom:40px;--awb-border-sizes-left:40px;--awb-border-sizes-right:40px;--awb-border-color:#ffffff;--awb-border-radius-top-left:80px;--awb-border-radius-top-right:80px;--awb-border-radius-bottom-right:80px;--awb-border-radius-bottom-left:80px;--awb-overflow:hidden;--awb-padding-top:40px;--awb-padding-right:40px;--awb-padding-bottom:40px;--awb-padding-left:40px;--awb-margin-top:0px;--awb-margin-bottom:50px;--awb-margin-bottom-medium:40px;--awb-margin-bottom-small:30px;--awb-background-color:rgba(104,104,104,0.7);--awb-background-size:cover;--awb-flex-wrap:wrap;\" data-bg=\"https:\/\/expmesprod.wpengine.com\/wp-content\/uploads\/2023\/03\/Our-Mission-scaled.jpg\" ><div class=\"fusion-builder-row fusion-row fusion-flex-align-items-flex-start fusion-flex-justify-content-center fusion-flex-content-wrap\" style=\"width:104% !important;max-width:104% !important;margin-left: calc(-4% \/ 2 );margin-right: calc(-4% \/ 2 );\"><div class=\"fusion-layout-column fusion_builder_column fusion-builder-column-0 fusion-flex-column fusion-animated\" style=\"--awb-padding-bottom-medium:0px;--awb-bg-size:cover;--awb-width-large:40%;--awb-margin-top-large:0px;--awb-spacing-right-large:4.8%;--awb-margin-bottom-large:0px;--awb-spacing-left-large:4.8%;--awb-width-medium:100%;--awb-order-medium:0;--awb-spacing-right-medium:1.92%;--awb-margin-bottom-medium:60px;--awb-spacing-left-medium:1.92%;--awb-width-small:100%;--awb-order-small:0;--awb-spacing-right-small:1.92%;--awb-spacing-left-small:1.92%;\" data-animationType=\"fadeInUp\" data-animationDuration=\"1.3\" data-animationOffset=\"top-into-view\"><div class=\"fusion-column-wrapper fusion-column-has-shadow fusion-flex-justify-content-flex-start fusion-content-layout-row\"><div class=\"fusion-title title fusion-title-1 fusion-sep-none fusion-title-center fusion-title-text fusion-title-size-one fusion-animated\" style=\"--awb-text-color:#ffffff;--awb-margin-top:50px;--awb-margin-bottom:40px;--awb-margin-top-small:30px;--awb-margin-right-small:0px;--awb-margin-bottom-small:30px;--awb-margin-left-small:0px;--awb-sep-color:#d1d1d1;--awb-font-size:60px;\" data-animationType=\"slideInLeft\" data-animationDuration=\"0.4\" data-animationDelay=\"0.2\" data-animationOffset=\"top-into-view\"><h1 class=\"fusion-title-heading title-heading-center fusion-responsive-typography-calculated\" style=\"font-family:&quot;Geologica&quot;;font-style:normal;font-weight:400;margin:0;letter-spacing:3px;font-size:1em;--fontSize:60;line-height:1.2;\">Notre mission<\/h1><\/div><div class=\"fusion-title title fusion-title-2 fusion-sep-none fusion-title-center fusion-title-text fusion-title-size-two fusion-animated\" style=\"--awb-text-color:#ffffff;--awb-margin-top:0px;--awb-margin-bottom:40px;--awb-margin-top-small:30px;--awb-margin-right-small:0px;--awb-margin-bottom-small:30px;--awb-margin-left-small:0px;--awb-sep-color:#d1d1d1;--awb-font-size:35px;\" data-animationType=\"slideInRight\" data-animationDuration=\"0.5\" data-animationDelay=\"0.4\" data-animationOffset=\"top-into-view\"><h2 class=\"fusion-title-heading title-heading-center sm-text-align-left fusion-responsive-typography-calculated\" style=\"font-family:&quot;Geologica&quot;;font-style:normal;font-weight:400;margin:0;letter-spacing:0px;text-transform:var(--awb-typography1-text-transform);font-size:1em;--fontSize:35;line-height:1.8;\"><p style=\"text-align: left;\">D\u00e9couvre nos valeurs et ce en quoi nous croyons !<\/p><\/h2><\/div><\/div><\/div><\/div><\/div><div class=\"fusion-fullwidth fullwidth-box fusion-builder-row-2 fusion-flex-container has-pattern-background has-mask-background nonhundred-percent-fullwidth non-hundred-percent-height-scrolling\" style=\"--awb-border-radius-top-left:0px;--awb-border-radius-top-right:0px;--awb-border-radius-bottom-right:0px;--awb-border-radius-bottom-left:0px;--awb-flex-wrap:wrap;\" ><div class=\"fusion-builder-row fusion-row fusion-flex-align-items-flex-start fusion-flex-content-wrap\" style=\"max-width:1248px;margin-left: calc(-4% \/ 2 );margin-right: calc(-4% \/ 2 );\"><div class=\"fusion-layout-column fusion_builder_column fusion-builder-column-1 fusion_builder_column_1_1 1_1 fusion-flex-column\" style=\"--awb-bg-size:cover;--awb-width-large:100%;--awb-margin-top-large:0px;--awb-spacing-right-large:1.92%;--awb-margin-bottom-large:20px;--awb-spacing-left-large:1.92%;--awb-width-medium:100%;--awb-order-medium:0;--awb-spacing-right-medium:1.92%;--awb-spacing-left-medium:1.92%;--awb-width-small:100%;--awb-order-small:0;--awb-spacing-right-small:1.92%;--awb-spacing-left-small:1.92%;\"><div class=\"fusion-column-wrapper fusion-column-has-shadow fusion-flex-justify-content-flex-start fusion-content-layout-column\"><div class=\"fusion-text fusion-text-1\"><h2 data-path-to-node=\"11\">R\u00e9v\u00e9ler le c\u0153ur battant de la Gr\u00e8ce<\/h2>\n<p data-path-to-node=\"11\">Chez Explore Messinia, nous cr\u00e9ons des exp\u00e9riences de voyage immersives qui capturent l\u2019esprit unique et le riche patrimoine de notre r\u00e9gion. Notre mission principale est d\u2019inspirer un sentiment d\u2019aventure et de curiosit\u00e9 chez chaque invit\u00e9. Plus pr\u00e9cis\u00e9ment, nous nous concentrons sur l\u2019offre d\u2019aventures durables dans le P\u00e9loponn\u00e8se qui te permettent de d\u00e9couvrir la beaut\u00e9 authentique, la culture et l\u2019histoire de la Gr\u00e8ce.  <\/p>\n<h3 data-path-to-node=\"12\"><b data-path-to-node=\"12\" data-index-in-node=\"0\">Nos valeurs fondamentales<\/b><\/h3>\n<p data-path-to-node=\"13\">Nous croyons au pouvoir du voyage pour transformer, \u00e9duquer et connecter. \u00c0 bien des \u00e9gards, nous nous engageons \u00e0 proposer des p\u00e9riples qui laissent des souvenirs ind\u00e9l\u00e9biles mais une empreinte minimale. \u00c0 chaque voyage, nous nous effor\u00e7ons de maintenir des pratiques durables et de soutenir les \u00e9conomies locales.  <\/p>\n<p data-path-to-node=\"14\">En choisissant ces chemins, nous favorisons une compr\u00e9hension culturelle plus profonde. Nous nous effor\u00e7ons de t\u2019emmener au-del\u00e0 des sentiers touristiques typiques, vers le c\u0153ur et l\u2019\u00e2me de la Gr\u00e8ce. Enfin, nous encourageons un profond respect pour la nature et les communaut\u00e9s locales qui rendent cette terre si sp\u00e9ciale.  <\/p>\n<\/div><div class=\"fusion-text fusion-text-2\"><h3 data-path-to-node=\"4\"><b data-path-to-node=\"4\" data-index-in-node=\"0\">Guid\u00e9s par la nature et la communaut\u00e9<\/b><\/h3>\n<p data-path-to-node=\"5\">Chez Explore Messinia, nous pensons que la v\u00e9ritable d\u00e9couverte ne doit pas se faire au d\u00e9triment de l\u2019environnement. Plus pr\u00e9cis\u00e9ment, nous nous sommes engag\u00e9s \u00e0 respecter un ensemble de pratiques qui d\u00e9finissent notre approche d\u2019une aventure durable dans le P\u00e9loponn\u00e8se. \u00c0 bien des \u00e9gards, ces mesures garantissent que les paysages que nous aimons aujourd\u2019hui seront l\u00e0 pour les g\u00e9n\u00e9rations \u00e0 venir.  <\/p>\n<ul data-path-to-node=\"6\">\n<li>\n<p data-path-to-node=\"6,0,0\"><b data-path-to-node=\"6,0,0\" data-index-in-node=\"0\">Initiative Z\u00e9ro Plastique<\/b> : Nous fournissons de l\u2019eau filtr\u00e9e et encourageons l\u2019utilisation de bouteilles r\u00e9utilisables <a href=\"https:\/\/exploremessinia.com\/fr\/tous-les-voyages\/\">lors de toutes nos excursions<\/a>.<\/p>\n<\/li>\n<li><b data-path-to-node=\"5,1,0\" data-index-in-node=\"0\">Le go\u00fbt du terroir :<\/b> Nous proposons des pique-niques traditionnels faits maison, compos\u00e9s d\u2019ingr\u00e9dients frais et locaux. En choisissant ces chemins, nous soutenons les petits agriculteurs et partageons avec toi les saveurs authentiques de notre r\u00e9gion. <\/li>\n<li>\n<p data-path-to-node=\"6,1,0\"><b data-path-to-node=\"6,1,0\" data-index-in-node=\"0\">Soutien aux \u00e9conomies locales<\/b> : Nous collaborons avec des maisons d\u2019h\u00f4tes et des tavernes locales g\u00e9r\u00e9es par des familles pour garantir que ta visite profite directement \u00e0 la communaut\u00e9.<\/p>\n<\/li>\n<li>\n<p data-path-to-node=\"6,2,0\"><b data-path-to-node=\"6,2,0\" data-index-in-node=\"0\">Sans trace (Leave No Trace)<\/b> : Chaque guide est form\u00e9 aux principes <a class=\"ng-star-inserted\" href=\"https:\/\/lnt.org\/\" target=\"_blank\" rel=\"noopener\">Leave No Trace<\/a>, garantissant que notre pr\u00e9sence dans les canyons et sur la c\u00f4te soit pratiquement invisible.<\/p>\n<\/li>\n<li>\n<p data-path-to-node=\"6,3,0\"><b data-path-to-node=\"6,3,0\" data-index-in-node=\"0\">D\u00e9fense de l\u2019environnement<\/b> : Nous participons activement et soutenons les efforts de conservation locaux, tels que la protection des tortues marines ou les <a href=\"https:\/\/exploremessinia.com\/anadasosi-ston-taygeto-reforestation-mount-taygetos\/\">initiatives de reforestation<\/a>.<\/p>\n<\/li>\n<li><b data-path-to-node=\"4,0,0\" data-index-in-node=\"0\">Excellence du projet SUSTOUR<\/b> : Nous sommes de fiers participants au <a class=\"ng-star-inserted\" href=\"https:\/\/www.google.com\/search?q=https:\/\/www.travelife.info\/sustour\/%3Fmenu%3Dsustour\" target=\"_blank\" rel=\"noopener\">projet SUSTOUR<\/a>, une initiative europ\u00e9enne qui nous guide dans la mise en \u0153uvre des normes de durabilit\u00e9 internationales les plus \u00e9lev\u00e9es pour les voyagistes.<\/li>\n<\/ul>\n<\/div><\/div><\/div><\/div><\/div><\/p>\n","protected":false},"excerpt":{"rendered":"","protected":false},"author":8,"featured_media":3712,"parent":0,"menu_order":11,"comment_status":"closed","ping_status":"closed","template":"100-width.php","meta":{"_acf_changed":false,"inline_featured_image":false,"footnotes":""},"class_list":["post-3711","page","type-page","status-publish","has-post-thumbnail","hentry"],"acf":[],"featured_image_src":"https:\/\/exploremessinia.com\/wp-content\/uploads\/2023\/03\/Our-Mission-600x400.jpg","featured_image_src_square":"https:\/\/exploremessinia.com\/wp-content\/uploads\/2023\/03\/Our-Mission-600x600.jpg","_links":{"self":[{"href":"https:\/\/exploremessinia.com\/fr\/wp-json\/wp\/v2\/pages\/3711","targetHints":{"allow":["GET"]}}],"collection":[{"href":"https:\/\/exploremessinia.com\/fr\/wp-json\/wp\/v2\/pages"}],"about":[{"href":"https:\/\/exploremessinia.com\/fr\/wp-json\/wp\/v2\/types\/page"}],"author":[{"embeddable":true,"href":"https:\/\/exploremessinia.com\/fr\/wp-json\/wp\/v2\/users\/8"}],"replies":[{"embeddable":true,"href":"https:\/\/exploremessinia.com\/fr\/wp-json\/wp\/v2\/comments?post=3711"}],"version-history":[{"count":0,"href":"https:\/\/exploremessinia.com\/fr\/wp-json\/wp\/v2\/pages\/3711\/revisions"}],"wp:featuredmedia":[{"embeddable":true,"href":"https:\/\/exploremessinia.com\/fr\/wp-json\/wp\/v2\/media\/3712"}],"wp:attachment":[{"href":"https:\/\/exploremessinia.com\/fr\/wp-json\/wp\/v2\/media?parent=3711"}],"curies":[{"name":"wp","href":"https:\/\/api.w.org\/{rel}","templated":true}]}}