{"id":4073,"date":"2023-03-06T14:33:51","date_gmt":"2023-03-06T12:33:51","guid":{"rendered":"https:\/\/exploremesdev.wpengine.com\/durabilite\/"},"modified":"2026-03-18T00:43:55","modified_gmt":"2026-03-17T22:43:55","slug":"durabilite","status":"publish","type":"page","link":"https:\/\/exploremessinia.com\/fr\/durabilite\/","title":{"rendered":"DURABILIT\u00c9"},"content":{"rendered":"<p><div class=\"fusion-bg-parallax\" data-bg-align=\"left top\" data-direction=\"up\" data-mute=\"false\" data-opacity=\"100\" data-velocity=\"-0.3\" data-mobile-enabled=\"false\" data-break_parents=\"0\" data-bg-image=\"https:\/\/expmesprod.wpengine.com\/wp-content\/uploads\/2022\/12\/reforestation-kalamata-taygetos-hike-outdoor-activity-enviromenta-awareness.jpg\" data-bg-repeat=\"false\" data-bg-color=\"rgba(19,64,105,0.52)\" data-blend-mode=\"multiply\" ><\/div><div class=\"fusion-fullwidth fullwidth-box fusion-builder-row-1 fusion-flex-container has-pattern-background has-mask-background fusion-parallax-up hundred-percent-fullwidth non-hundred-percent-height-scrolling lazyload\" style=\"--link_hover_color: #fa9769;--awb-background-position:left top;--awb-background-blend-mode:multiply;--awb-border-sizes-top:40px;--awb-border-sizes-bottom:40px;--awb-border-sizes-left:40px;--awb-border-sizes-right:40px;--awb-border-color:#ffffff;--awb-border-radius-top-left:80px;--awb-border-radius-top-right:80px;--awb-border-radius-bottom-right:80px;--awb-border-radius-bottom-left:80px;--awb-overflow:hidden;--awb-padding-top:40px;--awb-padding-right:40px;--awb-padding-bottom:40px;--awb-padding-left:40px;--awb-margin-top:0px;--awb-margin-bottom:50px;--awb-margin-bottom-medium:40px;--awb-margin-bottom-small:30px;--awb-background-color:rgba(19,64,105,0.52);--awb-background-size:cover;--awb-flex-wrap:wrap;\" data-bg=\"https:\/\/expmesprod.wpengine.com\/wp-content\/uploads\/2022\/12\/reforestation-kalamata-taygetos-hike-outdoor-activity-enviromenta-awareness.jpg\" ><div class=\"fusion-builder-row fusion-row fusion-flex-align-items-flex-start fusion-flex-justify-content-center fusion-flex-content-wrap\" style=\"width:104% !important;max-width:104% !important;margin-left: calc(-4% \/ 2 );margin-right: calc(-4% \/ 2 );\"><div class=\"fusion-layout-column fusion_builder_column fusion-builder-column-0 fusion-flex-column fusion-animated\" style=\"--awb-padding-bottom-medium:0px;--awb-bg-size:cover;--awb-width-large:40%;--awb-margin-top-large:0px;--awb-spacing-right-large:4.8%;--awb-margin-bottom-large:0px;--awb-spacing-left-large:4.8%;--awb-width-medium:100%;--awb-order-medium:0;--awb-spacing-right-medium:1.92%;--awb-margin-bottom-medium:60px;--awb-spacing-left-medium:1.92%;--awb-width-small:100%;--awb-order-small:0;--awb-spacing-right-small:1.92%;--awb-spacing-left-small:1.92%;\" data-animationType=\"fadeInUp\" data-animationDuration=\"1.3\" data-animationOffset=\"top-into-view\"><div class=\"fusion-column-wrapper fusion-column-has-shadow fusion-flex-justify-content-flex-start fusion-content-layout-row\"><div class=\"fusion-title title fusion-title-1 fusion-sep-none fusion-title-text fusion-title-size-one fusion-animated\" style=\"--awb-text-color:#ffffff;--awb-margin-top:0px;--awb-margin-bottom:40px;--awb-margin-top-small:30px;--awb-margin-right-small:0px;--awb-margin-bottom-small:30px;--awb-margin-left-small:0px;--awb-sep-color:#d1d1d1;--awb-font-size:60px;\" data-animationType=\"slideInLeft\" data-animationDuration=\"0.4\" data-animationDelay=\"0.2\" data-animationOffset=\"top-into-view\"><h1 class=\"fusion-title-heading title-heading-left md-text-align-center sm-text-align-center fusion-responsive-typography-calculated\" style=\"margin:0;letter-spacing:3px;font-size:1em;--fontSize:60;line-height:1.2;\">Durabilit\u00e9<\/h1><\/div><div class=\"fusion-title title fusion-title-2 fusion-sep-none fusion-title-center fusion-title-text fusion-title-size-two fusion-animated\" style=\"--awb-text-color:#ffffff;--awb-margin-top:0px;--awb-margin-bottom:40px;--awb-margin-top-small:30px;--awb-margin-right-small:0px;--awb-margin-bottom-small:30px;--awb-margin-left-small:0px;--awb-sep-color:#d1d1d1;\" data-animationType=\"slideInRight\" data-animationDuration=\"0.5\" data-animationDelay=\"0.4\" data-animationOffset=\"top-into-view\"><h2 class=\"fusion-title-heading title-heading-center sm-text-align-left fusion-responsive-typography-calculated\" style=\"margin:0;text-transform:var(--awb-typography1-text-transform);--fontSize:24;line-height:1.3;\"><p style=\"text-align: left;\">\u00ab La durabilit\u00e9 n\u2019est pas qu\u2019un mot \u00e0 la mode, c\u2019est un \u00e9tat d\u2019esprit crucial pour assurer un avenir prosp\u00e8re sur notre plan\u00e8te, et c\u2019est le fondement du tourisme durable en Gr\u00e8ce. \u00bb<\/p><\/h2><\/div><div class=\"fusion-text fusion-text-1\" style=\"--awb-font-size:22px;--awb-line-height:1.7;--awb-letter-spacing:0px;--awb-text-color:var(--awb-color1);\"><p>Voyager a un effet puissant, \u00e0 la fois bon et mauvais. Chez \u00ab Explore Messinia \u00bb, nous comprenons l\u2019importance d\u2019\u00eatre conscient de notre impact sur cette plan\u00e8te, comme si tu prenais soin de ta propre maison !<\/p>\n<\/div><\/div><\/div><\/div><\/div><div class=\"fusion-fullwidth fullwidth-box fusion-builder-row-2 fusion-flex-container has-pattern-background has-mask-background nonhundred-percent-fullwidth non-hundred-percent-height-scrolling\" style=\"--awb-border-radius-top-left:0px;--awb-border-radius-top-right:0px;--awb-border-radius-bottom-right:0px;--awb-border-radius-bottom-left:0px;--awb-flex-wrap:wrap;\" ><div class=\"fusion-builder-row fusion-row fusion-flex-align-items-flex-start fusion-flex-content-wrap\" style=\"max-width:1248px;margin-left: calc(-4% \/ 2 );margin-right: calc(-4% \/ 2 );\"><div class=\"fusion-layout-column fusion_builder_column fusion-builder-column-1 fusion_builder_column_2_3 2_3 fusion-flex-column\" style=\"--awb-bg-size:cover;--awb-width-large:66.6666666667%;--awb-margin-top-large:0px;--awb-spacing-right-large:2.88%;--awb-margin-bottom-large:20px;--awb-spacing-left-large:2.88%;--awb-width-medium:66.6666666667%;--awb-order-medium:0;--awb-spacing-right-medium:2.88%;--awb-spacing-left-medium:2.88%;--awb-width-small:100%;--awb-order-small:0;--awb-spacing-right-small:1.92%;--awb-spacing-left-small:1.92%;\"><div class=\"fusion-column-wrapper fusion-column-has-shadow fusion-flex-justify-content-flex-start fusion-content-layout-column\"><div class=\"fusion-text fusion-text-2\"><h2 style=\"text-align: left;\">Notre politique de tourisme durable en Gr\u00e8ce<\/h2>\n<\/div><div class=\"fusion-text fusion-text-3\" style=\"--awb-text-color:var(--awb-custom15);\"><p>Au c\u0153ur de notre activit\u00e9, nous nous engageons \u00e0 offrir des exp\u00e9riences qui changent la vie d\u2019une mani\u00e8re qui soutient et nourrit \u00e0 la fois la nature et la culture. Nous poursuivons la durabilit\u00e9 d\u00e8s la premi\u00e8re \u00e9tape. Cela commence par la conservation des ressources et la s\u00e9lection de fournisseurs pour leurs initiatives vertes. Nous \u00e9duquons \u00e9galement nos clients sur la mani\u00e8re d\u2019\u00eatre respectueux de l\u2019environnement sans compromettre leur plaisir.<\/p>\n<\/div><div class=\"fusion-text fusion-text-4\"><p>En tant que fervent d\u00e9fenseur du tourisme durable en Gr\u00e8ce, nous pensons que la meilleure fa\u00e7on d\u2019appr\u00e9cier la nature est de l\u2019exp\u00e9rimenter de mani\u00e8re responsable. Nos aventures \u00e0 faible impact, notamment le <a href=\"https:\/\/exploremessinia.com\/fr\/mer\/\"><b data-path-to-node=\"4,0\" data-index-in-node=\"116\">kayak de mer<\/b><\/a>, la <a href=\"https:\/\/exploremessinia.com\/fr\/randonnee\/\"><b data-path-to-node=\"4,0\" data-index-in-node=\"130\">randonn\u00e9e<\/b><\/a> et le <a href=\"https:\/\/exploremessinia.com\/fr\/canyoning\/\"><b data-path-to-node=\"4,0\" data-index-in-node=\"142\">canyoning<\/b><\/a>, sont sp\u00e9cifiquement con\u00e7ues pour ne laisser aucune trace. En choisissant le transport \u00e0 propulsion humaine, nous nous assurons que nos clients peuvent explorer le magnifique littoral et les montagnes du P\u00e9loponn\u00e8se sans le bruit ni la pollution des v\u00e9hicules motoris\u00e9s.<\/p>\n<\/div><div class=\"fusion-separator fusion-full-width-sep\" style=\"align-self: center;margin-left: auto;margin-right: auto;margin-top:40px;margin-bottom:40px;width:100%;\"><div class=\"fusion-separator-border sep-shadow\" style=\"--awb-height:20px;--awb-amount:20px;background:radial-gradient(ellipse at 50% -50% , #e2e2e2 0px, rgba(255, 255, 255, 0) 80%) repeat scroll 0 0 rgba(0, 0, 0, 0);background:-webkit-radial-gradient(ellipse at 50% -50% , #e2e2e2 0px, rgba(255, 255, 255, 0) 80%) repeat scroll 0 0 rgba(0, 0, 0, 0);background:-moz-radial-gradient(ellipse at 50% -50% , #e2e2e2 0px, rgba(255, 255, 255, 0) 80%) repeat scroll 0 0 rgba(0, 0, 0, 0);background:-o-radial-gradient(ellipse at 50% -50% , #e2e2e2 0px, rgba(255, 255, 255, 0) 80%) repeat scroll 0 0 rgba(0, 0, 0, 0);\"><\/div><\/div><div class=\"fusion-text fusion-text-5\"><p>Cet engagement s\u2019\u00e9tend bien au-del\u00e0 de nos fronti\u00e8res locales, nous pensons que le voyage responsable est un catalyseur de changement mondial. Nous promouvons fi\u00e8rement les pratiques durables pour favoriser l\u2019\u00e9galit\u00e9 des droits pour toutes les personnes \u00e0 travers le monde tout en prot\u00e9geant simultan\u00e9ment les ressources naturelles afin que les g\u00e9n\u00e9rations futures puissent vivre dans un environnement propre et riche en opportunit\u00e9s. <\/p>\n<p>Tu peux t\u00e9l\u00e9charger ici notre <a href=\"https:\/\/exploremessinia.com\/wp-content\/uploads\/2023\/06\/Explore-Messinia-Explore-Greece-Sustainability-policy.pdf\">POLITIQUE DE DURABILIT\u00c9<\/a> et notre <a href=\"https:\/\/exploremessinia.com\/wp-content\/uploads\/2023\/07\/Explore-Greece-Code-of-Conduct_V1.pdf\">CODE DE CONDUITE<\/a><\/p>\n<\/div><div class=\"fusion-text fusion-text-6\" style=\"--awb-text-color:var(--awb-custom15);\"><p>Nous avons r\u00e9cemment rejoint le <span class=\"textGreen\"><a title=\"Site web TraveLife\" href=\"https:\/\/www.travelife.info\/index_new.php?menu=certification&amp;lang=en_ft\">programme TraveLife<\/a><\/span>, via le <a href=\"https:\/\/www.travelife.info\/sustour\/?menu=home\">projet SUSTOUR<\/a>, pour mettre en \u0153uvre un <strong>processus syst\u00e9matique<\/strong>, qui sera approuv\u00e9 par une entreprise externe accr\u00e9dit\u00e9e. Le bureau \u00ab Explore Messinia \u00bb a cr\u00e9\u00e9 une <strong>\u00e9quipe de durabilit\u00e9 de 3 personnes<\/strong> et a nomm\u00e9 un <strong>coordinateur de la durabilit\u00e9<\/strong>, qui investissent du temps chaque semaine pour am\u00e9liorer la performance de l\u2019entreprise en mati\u00e8re de durabilit\u00e9. <\/p>\n<p>Pour toute question ou commentaire li\u00e9 \u00e0 la durabilit\u00e9, tu peux contacter directement notre <strong>coordinateur de la durabilit\u00e9 <a href=\"https:\/\/exploremessinia.com\/fr\/notre-equipe\/\">M. Fotis Kontargiris<\/a><\/strong> \u00e0 l\u2019adresse <a href=\"mailto:fotis@exploremessinia.com\">fotis@exploremessinia.com<\/a><\/p>\n<p>Nous travaillons actuellement sur le label \u00ab <em>TraveLife Partner<\/em> \u00bb (engag\u00e9 pour la durabilit\u00e9). Le prochain objectif sera d\u2019obtenir le label \u00ab <em>TraveLife Certified<\/em> \u00bb (excellence en durabilit\u00e9). Nous visons \u00e0 am\u00e9liorer constamment notre performance en mati\u00e8re de durabilit\u00e9. Ce sera un <strong>processus continu<\/strong> que nous m\u00e8nerons en <strong>fixant des objectifs<\/strong>, en <strong>mettant en \u0153uvre et en r\u00e9visant des strat\u00e9gies et des actions chaque ann\u00e9e<\/strong>.   <\/p>\n<h3>Gestion de la durabilit\u00e9 et conformit\u00e9 l\u00e9gale<\/h3>\n<ul>\n<li>Avoir un coordinateur et une \u00e9quipe de durabilit\u00e9 form\u00e9s.<\/li>\n<li>Mettre en r\u00e9seau et partager des exp\u00e9riences, du mat\u00e9riel de formation et les meilleures pratiques en mati\u00e8re de durabilit\u00e9 avec nos partenaires.<\/li>\n<li>Soutenir les initiatives de durabilit\u00e9 locales\/nationales (projets de protection de la nature \/ de d\u00e9veloppement communautaire).<\/li>\n<li>Cr\u00e9er et mettre en \u0153uvre une m\u00e9thode d\u2019\u00e9valuation de la performance de nos fournisseurs en mati\u00e8re de durabilit\u00e9.<\/li>\n<li>Avoir une mission, une politique et un plan d\u2019action en mati\u00e8re de durabilit\u00e9 pour nous guider et qui identifient les objectifs \u00e0 long\/moyen\/court terme et comment les atteindre.<\/li>\n<li>Mettre en \u0153uvre un syst\u00e8me d\u2019\u00e9valuation pour suivre la r\u00e9alisation des objectifs.<\/li>\n<\/ul>\n<h3>Politique sociale et droits de l\u2019homme<\/h3>\n<ul>\n<li>Cr\u00e9er des descriptions de r\u00f4le sp\u00e9cifiques et des objectifs g\u00e9n\u00e9raux de l\u2019entreprise, et offrir des conditions de travail \u00e9quitables, une formation et un d\u00e9veloppement adapt\u00e9s au r\u00f4le de chaque membre du personnel.<\/li>\n<li>Mesurer r\u00e9guli\u00e8rement la satisfaction des employ\u00e9s.<\/li>\n<\/ul>\n<h3>Approvisionnement<\/h3>\n<ul>\n<li>R\u00e9duire les biens jetables et consommables, r\u00e9duire les d\u00e9chets et les diff\u00e9rencier scrupuleusement.<\/li>\n<li>R\u00e9duire l\u2019utilisation du papier \u00e0 ce qui est obligatoire par la loi ou strictement n\u00e9cessaire.<\/li>\n<li>Utiliser du papier recycl\u00e9 pour tous les documents imprim\u00e9s au bureau.<\/li>\n<li>Utiliser des produits de nettoyage \u00e9cologiques.<\/li>\n<li>Migrer progressivement vers un fournisseur d\u2019\u00e9nergie durable.<\/li>\n<li>Surveiller la consommation d\u2019\u00e9nergie et mettre en \u0153uvre des moyens de la r\u00e9duire (par exemple, privil\u00e9gier les \u00e9quipements \u00e0 faible consommation d\u2019\u00e9nergie lorsque cela est possible, utiliser un syst\u00e8me d\u2019arr\u00eat automatique des ordinateurs, etc.).<\/li>\n<li>Minimiser compl\u00e8tement et externaliser nos besoins d\u2019impression.<\/li>\n<li>Former tous les membres du personnel \u00e0 la durabilit\u00e9 et \u00e9mettre des directives de durabilit\u00e9, en gardant \u00e0 l\u2019esprit les 3 objectifs : R\u00e9duire, R\u00e9utiliser et Recycler ;<\/li>\n<li>Introduire une politique de voyage du personnel et des incitations pour les employ\u00e9s afin de promouvoir l\u2019utilisation de transports verts\/r\u00e9duire les transports ;<\/li>\n<li>Calculer et compenser progressivement les \u00e9missions de carbone de notre entreprise.<\/li>\n<li>Remplacer progressivement le papier imprim\u00e9 par des plateformes num\u00e9riques o\u00f9 les informations de voyage sont disponibles pour nos clients (application, pistes num\u00e9riques, documents PDF, etc.).<\/li>\n<\/ul>\n<h3>Communication \u2013 transport, h\u00e9bergement, activit\u00e9s et chefs de groupe<\/h3>\n<ul>\n<li>Lors de la conception de nos itin\u00e9raires et de la planification logistique, minimiser l\u2019utilisation du transport a\u00e9rien, promouvoir les solutions terrestres.<\/li>\n<li>Publier une politique de durabilit\u00e9 pour chaque cat\u00e9gorie de fournisseur qui promeut la certification et\/ou l\u2019am\u00e9lioration de la performance de durabilit\u00e9 du fournisseur, en privil\u00e9giant les fournisseurs certifi\u00e9s\/durables chaque fois que possible en termes de prix, de qualit\u00e9 et de logistique.<\/li>\n<li>Int\u00e9grer des clauses de durabilit\u00e9 dans les conditions contractuelles de nos partenaires, qui incluront la protection des ressources naturelles et humaines locales, des conditions de travail \u00e9quitables, la protection de l\u2019enfance, le rejet du travail forc\u00e9, de l\u2019exploitation sexuelle et de la discrimination de toute nature.<\/li>\n<li>Cr\u00e9er du contenu\/des directives de formation et sugg\u00e9rer des solutions pour am\u00e9liorer la performance de durabilit\u00e9 de nos fournisseurs, y compris les chefs de groupe.<\/li>\n<li>Embaucher des chefs de groupe professionnels qualifi\u00e9s garantissant des conditions de travail \u00e9quitables.<\/li>\n<li>Communiquer r\u00e9guli\u00e8rement avec nos clients B2B et B2C concernant notre politique de durabilit\u00e9, nos objectifs et nos r\u00e9sultats, en promouvant les pratiques de durabilit\u00e9 \u00e0 la maison et en vacances.<\/li>\n<li>Encourager nos clients \u00e0 adopter des actions de conservation de l\u2019environnement et le respect des populations locales pendant leurs voyages, \u00e0 travers des carnets de route, des manuels de destination et du contenu sur les m\u00e9dias sociaux (le cas \u00e9ch\u00e9ant).<\/li>\n<\/ul>\n<\/div><\/div><\/div><div class=\"fusion-layout-column fusion_builder_column fusion-builder-column-2 fusion_builder_column_1_3 1_3 fusion-flex-column\" style=\"--awb-bg-size:cover;--awb-width-large:33.3333333333%;--awb-margin-top-large:0px;--awb-spacing-right-large:5.76%;--awb-margin-bottom-large:20px;--awb-spacing-left-large:5.76%;--awb-width-medium:33.3333333333%;--awb-order-medium:0;--awb-spacing-right-medium:5.76%;--awb-spacing-left-medium:5.76%;--awb-width-small:100%;--awb-order-small:0;--awb-spacing-right-small:1.92%;--awb-spacing-left-small:1.92%;\"><div class=\"fusion-column-wrapper fusion-column-has-shadow fusion-flex-justify-content-flex-start fusion-content-layout-column\"><div class=\"fusion-image-element \" style=\"--awb-caption-title-font-family:var(--h2_typography-font-family);--awb-caption-title-font-weight:var(--h2_typography-font-weight);--awb-caption-title-font-style:var(--h2_typography-font-style);--awb-caption-title-size:var(--h2_typography-font-size);--awb-caption-title-transform:var(--h2_typography-text-transform);--awb-caption-title-line-height:var(--h2_typography-line-height);--awb-caption-title-letter-spacing:var(--h2_typography-letter-spacing);\"><span class=\" fusion-imageframe imageframe-none imageframe-1 hover-type-none\"><img decoding=\"async\" width=\"600\" height=\"400\" alt=\"Logo du projet SUSTOUR soutenant les initiatives de tourisme durable en Gr\u00e8ce\" title=\"logo-soutien-projet-sustour\" src=\"https:\/\/exploremessinia.com\/wp-content\/uploads\/2023\/03\/SUSTOUR-LOGO-e1678464040701.jpg\" data-orig-src=\"https:\/\/exploremessinia.com\/wp-content\/uploads\/2023\/03\/SUSTOUR-LOGO-e1678464040701.jpg\" class=\"lazyload img-responsive wp-image-4074\" srcset=\"data:image\/svg+xml,%3Csvg%20xmlns%3D%27http%3A%2F%2Fwww.w3.org%2F2000%2Fsvg%27%20width%3D%27600%27%20height%3D%27400%27%20viewBox%3D%270%200%20600%20400%27%3E%3Crect%20width%3D%27600%27%20height%3D%27400%27%20fill-opacity%3D%220%22%2F%3E%3C%2Fsvg%3E\" data-srcset=\"https:\/\/exploremessinia.com\/wp-content\/uploads\/2023\/03\/SUSTOUR-LOGO-e1678464040701-200x133.jpg 200w, https:\/\/exploremessinia.com\/wp-content\/uploads\/2023\/03\/SUSTOUR-LOGO-e1678464040701-400x267.jpg 400w, https:\/\/exploremessinia.com\/wp-content\/uploads\/2023\/03\/SUSTOUR-LOGO-e1678464040701.jpg 600w\" data-sizes=\"auto\" data-orig-sizes=\"(max-width: 640px) 100vw, 400px\" \/><\/span><\/div><div class=\"fusion-image-element \" style=\"--awb-caption-title-font-family:var(--h2_typography-font-family);--awb-caption-title-font-weight:var(--h2_typography-font-weight);--awb-caption-title-font-style:var(--h2_typography-font-style);--awb-caption-title-size:var(--h2_typography-font-size);--awb-caption-title-transform:var(--h2_typography-text-transform);--awb-caption-title-line-height:var(--h2_typography-line-height);--awb-caption-title-letter-spacing:var(--h2_typography-letter-spacing);\"><span class=\" fusion-imageframe imageframe-none imageframe-2 hover-type-none\"><img decoding=\"async\" width=\"600\" height=\"233\" alt=\"Logo officiel Travelife Partner pour le tourisme durable en Gr\u00e8ce\" title=\"logo-durabilit\u00e9-travelife-partner\" src=\"https:\/\/exploremessinia.com\/wp-content\/uploads\/2025\/06\/Travelife-partner.jpg\" data-orig-src=\"https:\/\/exploremessinia.com\/wp-content\/uploads\/2025\/06\/Travelife-partner.jpg\" class=\"lazyload img-responsive wp-image-4078\" srcset=\"data:image\/svg+xml,%3Csvg%20xmlns%3D%27http%3A%2F%2Fwww.w3.org%2F2000%2Fsvg%27%20width%3D%27600%27%20height%3D%27233%27%20viewBox%3D%270%200%20600%20233%27%3E%3Crect%20width%3D%27600%27%20height%3D%27233%27%20fill-opacity%3D%220%22%2F%3E%3C%2Fsvg%3E\" data-srcset=\"https:\/\/exploremessinia.com\/wp-content\/uploads\/2025\/06\/Travelife-partner-200x78.jpg 200w, https:\/\/exploremessinia.com\/wp-content\/uploads\/2025\/06\/Travelife-partner-400x155.jpg 400w, https:\/\/exploremessinia.com\/wp-content\/uploads\/2025\/06\/Travelife-partner.jpg 600w\" data-sizes=\"auto\" data-orig-sizes=\"(max-width: 640px) 100vw, 400px\" \/><\/span><\/div><\/div><\/div><\/div><\/div><\/p>\n","protected":false},"excerpt":{"rendered":"","protected":false},"author":8,"featured_media":4077,"parent":0,"menu_order":49,"comment_status":"closed","ping_status":"closed","template":"100-width.php","meta":{"_acf_changed":false,"inline_featured_image":false,"footnotes":""},"class_list":["post-4073","page","type-page","status-publish","has-post-thumbnail","hentry"],"acf":[],"featured_image_src":"https:\/\/exploremessinia.com\/wp-content\/uploads\/2022\/12\/reforestation-kalamata-taygetos-hike-outdoor-activity-enviromenta-awareness-600x400.jpg","featured_image_src_square":"https:\/\/exploremessinia.com\/wp-content\/uploads\/2022\/12\/reforestation-kalamata-taygetos-hike-outdoor-activity-enviromenta-awareness-600x600.jpg","_links":{"self":[{"href":"https:\/\/exploremessinia.com\/fr\/wp-json\/wp\/v2\/pages\/4073","targetHints":{"allow":["GET"]}}],"collection":[{"href":"https:\/\/exploremessinia.com\/fr\/wp-json\/wp\/v2\/pages"}],"about":[{"href":"https:\/\/exploremessinia.com\/fr\/wp-json\/wp\/v2\/types\/page"}],"author":[{"embeddable":true,"href":"https:\/\/exploremessinia.com\/fr\/wp-json\/wp\/v2\/users\/8"}],"replies":[{"embeddable":true,"href":"https:\/\/exploremessinia.com\/fr\/wp-json\/wp\/v2\/comments?post=4073"}],"version-history":[{"count":0,"href":"https:\/\/exploremessinia.com\/fr\/wp-json\/wp\/v2\/pages\/4073\/revisions"}],"wp:featuredmedia":[{"embeddable":true,"href":"https:\/\/exploremessinia.com\/fr\/wp-json\/wp\/v2\/media\/4077"}],"wp:attachment":[{"href":"https:\/\/exploremessinia.com\/fr\/wp-json\/wp\/v2\/media?parent=4073"}],"curies":[{"name":"wp","href":"https:\/\/api.w.org\/{rel}","templated":true}]}}